{"id":391,"date":"2026-02-20T16:41:35","date_gmt":"2026-02-20T16:41:35","guid":{"rendered":"https:\/\/ahjobs.com.br\/?page_id=51"},"modified":"2026-03-01T07:02:53","modified_gmt":"2026-03-01T07:02:53","slug":"nutzungsbedingungen","status":"publish","type":"page","link":"https:\/\/nolbviral.com\/de\/termos-de-uso\/","title":{"rendered":"Nutzungsbedingungen"},"content":{"rendered":"<p>Beim Zugriff auf die Website <strong>NolbViral<\/strong>, Durch die Nutzung dieser Website erkl\u00e4ren Sie sich mit diesen Nutzungsbedingungen sowie allen geltenden Gesetzen und Bestimmungen einverstanden und best\u00e4tigen, dass Sie f\u00fcr die Einhaltung aller anwendbaren lokalen Gesetze verantwortlich sind. Sollten Sie mit diesen Bedingungen nicht einverstanden sein, ist Ihnen die Nutzung oder der Zugriff auf diese Website untersagt. Die auf dieser Website enthaltenen Materialien sind durch geltende Urheber- und Markenrechte gesch\u00fctzt.<\/p>\n\n\n\n<p><strong>1. Lizenznutzung<\/strong><\/p>\n\n\n\n<p>Es wird die Erlaubnis erteilt, vor\u00fcbergehend eine Kopie der Materialien (Informationen oder Software) auf der Website herunterzuladen. <strong>NolbViral<\/strong>, Dies ist ausschlie\u00dflich f\u00fcr den pers\u00f6nlichen, nicht-kommerziellen Gebrauch bestimmt. Es handelt sich hierbei um die Erteilung einer Lizenz, nicht um die \u00dcbertragung des Eigentums. Im Rahmen dieser Lizenz ist Ihnen Folgendes nicht gestattet:<\/p>\n\n\n\n<ul class=\"wp-block-list\">\n<li>Die Materialien d\u00fcrfen weder ver\u00e4ndert noch kopiert werden;<\/li>\n\n\n\n<li>Die Verwendung der Materialien f\u00fcr kommerzielle Zwecke oder f\u00fcr \u00f6ffentliche Vorf\u00fchrungen (kommerziell oder nichtkommerziell) ist untersagt.;<\/li>\n\n\n\n<li>Der Versuch, die auf der Website enthaltene Software zu dekompilieren oder zur\u00fcckzuentwickeln, ist untersagt. <strong>NolbViral<\/strong>;<\/li>\n\n\n\n<li>Entfernen Sie jegliche Urheberrechtsvermerke oder sonstige Eigentumshinweise aus den Materialien; oder<\/li>\n\n\n\n<li>Die Weitergabe des Materials an eine andere Person oder das \u201cSpiegeln\u201d des Materials auf einem anderen Server.<\/li>\n<\/ul>\n\n\n\n<p>Diese Lizenz erlischt automatisch, wenn Sie gegen eine dieser Bestimmungen versto\u00dfen, und kann gek\u00fcndigt werden von <strong>NolbViral<\/strong> Sie k\u00f6nnen die Nutzung jederzeit beenden. Nach Beendigung der Nutzung dieser Materialien oder nach Ablauf dieser Lizenz m\u00fcssen Sie s\u00e4mtliche heruntergeladenen Materialien in Ihrem Besitz, ob in elektronischer oder gedruckter Form, l\u00f6schen.<\/p>\n\n\n\n<p><strong>2. Haftungsausschluss<\/strong><\/p>\n\n\n\n<p>Die Materialien auf der Website <strong>NolbViral<\/strong> Sie werden \u201cwie besehen\u201d bereitgestellt. <strong>NolbViral<\/strong> Es werden keine ausdr\u00fccklichen oder stillschweigenden Garantien gegeben und alle anderen Gew\u00e4hrleistungen, einschlie\u00dflich, aber nicht beschr\u00e4nkt auf stillschweigende Gew\u00e4hrleistungen der Handels\u00fcblichkeit, der Eignung f\u00fcr einen bestimmten Zweck oder der Nichtverletzung von Rechten an geistigem Eigentum, werden ausgeschlossen.<\/p>\n\n\n\n<p>Dar\u00fcber hinaus <strong>NolbViral<\/strong> gibt keine Garantie oder Zusicherungen hinsichtlich der Genauigkeit, der zu erwartenden Ergebnisse oder der Zuverl\u00e4ssigkeit der Verwendung der Materialien auf ihrer Website oder in Bezug auf solche Materialien oder auf Websites, die mit dieser Website verlinkt sind.<\/p>\n\n\n\n<p><strong>3. Einschr\u00e4nkungen<\/strong><\/p>\n\n\n\n<p>In keinem Fall <strong>NolbViral<\/strong> Sie oder Ihre Lieferanten haften nicht f\u00fcr Sch\u00e4den (einschlie\u00dflich, aber nicht beschr\u00e4nkt auf Sch\u00e4den durch Datenverlust, entgangenen Gewinn oder Betriebsunterbrechung), die aus der Nutzung oder der Unm\u00f6glichkeit der Nutzung der Materialien entstehen. <strong>NolbViral<\/strong>, selbst wenn die <strong>NolbViral<\/strong> oder ein Bevollm\u00e4chtigter \u00fcber die M\u00f6glichkeit solcher Sch\u00e4den informiert wurde. Da einige Rechtsordnungen Beschr\u00e4nkungen stillschweigender Gew\u00e4hrleistungen oder der Haftung f\u00fcr Folgesch\u00e4den nicht zulassen, gelten diese Beschr\u00e4nkungen m\u00f6glicherweise nicht f\u00fcr Sie.<\/p>\n\n\n\n<p><strong>4. Materialpr\u00e4zision<\/strong><\/p>\n\n\n\n<p>Die auf der Website angezeigten Materialien <strong>NolbViral<\/strong> Sie k\u00f6nnen technische, typografische oder fotografische Fehler enthalten. <strong>NolbViral<\/strong> Sie \u00fcbernimmt keine Gew\u00e4hr daf\u00fcr, dass die Inhalte ihrer Website korrekt, vollst\u00e4ndig oder aktuell sind. <strong>NolbViral<\/strong> Wir behalten uns das Recht vor, die auf unserer Website enthaltenen Materialien jederzeit und ohne Vorank\u00fcndigung zu \u00e4ndern, \u00fcbernehmen jedoch keine Verpflichtung zur Aktualisierung der Materialien.<\/p>\n\n\n\n<p><strong>5. Links<\/strong><\/p>\n\n\n\n<p>O <strong>NolbViral<\/strong> Wir haben nicht alle mit unserer Website verlinkten Seiten gepr\u00fcft und \u00fcbernehmen keine Verantwortung f\u00fcr deren Inhalte. Die Verlinkung einer Seite bedeutet keine Empfehlung. Die Nutzung verlinkter Websites erfolgt auf eigene Gefahr.<\/p>\n\n\n\n<p><strong>6. \u00c4nderungen<\/strong><\/p>\n\n\n\n<p>O <strong>NolbViral<\/strong> Wir k\u00f6nnen diese Nutzungsbedingungen jederzeit ohne vorherige Ank\u00fcndigung \u00e4ndern. Durch die Nutzung dieser Website erkl\u00e4ren Sie sich mit der jeweils aktuellen Fassung dieser Nutzungsbedingungen einverstanden.<\/p>\n\n\n\n<p><strong>7. Anwendbares Recht<\/strong><\/p>\n\n\n\n<p>Diese Allgemeinen Gesch\u00e4ftsbedingungen unterliegen den f\u00fcr... geltenden Gesetzen und sind nach diesen auszulegen. <strong>NolbViral<\/strong>, ...und Sie unterwerfen sich unwiderruflich der ausschlie\u00dflichen Zust\u00e4ndigkeit der Gerichte in diesem Staat oder Ort.<\/p>","protected":false},"excerpt":{"rendered":"<p>Ao acessar o site NolbViral, voc\u00ea concorda em cumprir estes termos de servi\u00e7o, todas as leis e regulamentos aplic\u00e1veis e concorda que \u00e9 respons\u00e1vel pelo cumprimento de todas as leis locais aplic\u00e1veis. Se voc\u00ea n\u00e3o concordar com algum desses termos, est\u00e1 proibido de usar ou acessar este site. Os materiais contidos neste site s\u00e3o protegidos [&hellip;]<\/p>\n","protected":false},"author":1,"featured_media":0,"parent":0,"menu_order":0,"comment_status":"closed","ping_status":"closed","template":"","meta":{"footnotes":""},"class_list":["post-391","page","type-page","status-publish"],"_links":{"self":[{"href":"https:\/\/nolbviral.com\/de\/wp-json\/wp\/v2\/pages\/391","targetHints":{"allow":["GET"]}}],"collection":[{"href":"https:\/\/nolbviral.com\/de\/wp-json\/wp\/v2\/pages"}],"about":[{"href":"https:\/\/nolbviral.com\/de\/wp-json\/wp\/v2\/types\/page"}],"author":[{"embeddable":true,"href":"https:\/\/nolbviral.com\/de\/wp-json\/wp\/v2\/users\/1"}],"replies":[{"embeddable":true,"href":"https:\/\/nolbviral.com\/de\/wp-json\/wp\/v2\/comments?post=391"}],"version-history":[{"count":1,"href":"https:\/\/nolbviral.com\/de\/wp-json\/wp\/v2\/pages\/391\/revisions"}],"predecessor-version":[{"id":647,"href":"https:\/\/nolbviral.com\/de\/wp-json\/wp\/v2\/pages\/391\/revisions\/647"}],"wp:attachment":[{"href":"https:\/\/nolbviral.com\/de\/wp-json\/wp\/v2\/media?parent=391"}],"curies":[{"name":"wp","href":"https:\/\/api.w.org\/{rel}","templated":true}]}}