{"id":392,"date":"2026-02-20T16:42:09","date_gmt":"2026-02-20T16:42:09","guid":{"rendered":"https:\/\/ahjobs.com.br\/?page_id=53"},"modified":"2026-03-01T07:03:56","modified_gmt":"2026-03-01T07:03:56","slug":"datenschutzrichtlinie","status":"publish","type":"page","link":"https:\/\/nolbviral.com\/de\/politica-de-privacidade\/","title":{"rendered":"Datenschutzrichtlinie"},"content":{"rendered":"<p>Ihre Privatsph\u00e4re ist uns wichtig. Das ist unsere Unternehmensrichtlinie. <strong>NolbViral<\/strong> Wir respektieren Ihre Privatsph\u00e4re hinsichtlich aller Informationen, die wir von Ihnen auf der Website erfassen. <strong>NolbViral<\/strong>, und andere Websites, die uns geh\u00f6ren und von uns betrieben werden.<\/p>\n\n\n\n<p>Wir erfragen personenbezogene Daten nur dann, wenn wir diese unbedingt ben\u00f6tigen, um Ihnen eine Dienstleistung anbieten zu k\u00f6nnen. Dies geschieht fair und rechtm\u00e4\u00dfig, mit Ihrem Wissen und Ihrer Einwilligung. Wir informieren Sie au\u00dferdem dar\u00fcber, warum wir Ihre Daten erheben und wie sie verwendet werden.<\/p>\n\n\n\n<p>Wir speichern die erhobenen Daten nur so lange, wie es f\u00fcr die Erbringung der angeforderten Dienstleistung erforderlich ist. Bei der Speicherung sch\u00fctzen wir die Daten mit wirtschaftlich angemessenen Mitteln vor Verlust, Diebstahl, unbefugtem Zugriff, Offenlegung, Kopieren, Verwendung oder Ver\u00e4nderung.<\/p>\n\n\n\n<p>Wir geben personenbezogene Daten weder \u00f6ffentlich noch an Dritte weiter, es sei denn, dies ist gesetzlich vorgeschrieben.<\/p>\n\n\n\n<p>Unsere Website kann Links zu externen Websites enthalten, die nicht von uns betrieben werden. Bitte beachten Sie, dass wir keinen Einfluss auf die Inhalte und Praktiken dieser Websites haben und keine Verantwortung f\u00fcr deren Datenschutzrichtlinien \u00fcbernehmen k\u00f6nnen.<\/p>\n\n\n\n<p>Es steht Ihnen frei, unsere Anfrage nach pers\u00f6nlichen Informationen abzulehnen. Bitte haben Sie Verst\u00e4ndnis daf\u00fcr, dass wir Ihnen in diesem Fall m\u00f6glicherweise einige der gew\u00fcnschten Dienstleistungen nicht anbieten k\u00f6nnen.<\/p>\n\n\n\n<p>Durch die weitere Nutzung unserer Website erkl\u00e4ren Sie sich mit unseren Datenschutzbestimmungen einverstanden. Bei Fragen zum Umgang mit Nutzerdaten und personenbezogenen Daten kontaktieren Sie uns bitte.<\/p>\n\n\n\n<hr class=\"wp-block-separator has-alpha-channel-opacity\"\/>\n\n\n\n<h2 class=\"wp-block-heading\">Cookie-Richtlinie \u2013 NolbViral<\/h2>\n\n\n\n<h3 class=\"wp-block-heading\">Was sind Cookies?<\/h3>\n\n\n\n<p>Wie fast alle modernen Websites verwendet auch diese Website Cookies. Dabei handelt es sich um kleine Dateien, die auf Ihren Computer heruntergeladen werden, um Ihr Nutzungserlebnis zu verbessern. Auf dieser Seite wird beschrieben, welche Informationen Cookies sammeln, wie wir diese verwenden und warum wir sie manchmal speichern m\u00fcssen. Wir erkl\u00e4ren Ihnen auch, wie Sie das Speichern von Cookies verhindern k\u00f6nnen. Beachten Sie jedoch, dass dies die Funktionalit\u00e4t der Website beeintr\u00e4chtigen kann.<\/p>\n\n\n\n<h3 class=\"wp-block-heading\">Wie verwenden wir Cookies?<\/h3>\n\n\n\n<p>Wir verwenden Cookies aus verschiedenen Gr\u00fcnden, die im Folgenden erl\u00e4utert werden. In den meisten F\u00e4llen gibt es keine Standardoptionen, Cookies zu deaktivieren, ohne die von ihnen bereitgestellten Funktionen vollst\u00e4ndig zu deaktivieren. Wir empfehlen Ihnen, alle Cookies aktiviert zu lassen, wenn Sie sich nicht sicher sind, ob Sie diese f\u00fcr einen bestimmten Dienst ben\u00f6tigen.<\/p>\n\n\n\n<h3 class=\"wp-block-heading\">Cookies deaktivieren<\/h3>\n\n\n\n<p>Sie k\u00f6nnen das Setzen von Cookies verhindern, indem Sie die Einstellungen Ihres Browsers anpassen (siehe die Hilfe Ihres Browsers). Beachten Sie jedoch, dass die Deaktivierung von Cookies die Funktionalit\u00e4t dieser und vieler anderer Websites beeintr\u00e4chtigt.<\/p>\n\n\n\n<h3 class=\"wp-block-heading\">Arten von Cookies<\/h3>\n\n\n\n<ul class=\"wp-block-list\">\n<li><strong>Kontobezogene Cookies:<\/strong> Wird zur Verwaltung von Benutzerregistrierung und -einstellungen verwendet.<\/li>\n\n\n\n<li><strong>Anmelde-Cookies:<\/strong> Um Ihre Sitzung zu speichern und den Zugriff auf gesch\u00fctzte Ressourcen zu erm\u00f6glichen.<\/li>\n\n\n\n<li><strong>Cookies f\u00fcr E-Mail-Newsletter:<\/strong> Um Ihr Abonnement zu speichern und entsprechende Benachrichtigungen anzuzeigen.<\/li>\n\n\n\n<li><strong>Kekse bestellen:<\/strong> Unverzichtbar f\u00fcr Websites mit E-Commerce- oder Zahlungsabwicklungsfunktionen.<\/li>\n\n\n\n<li><strong>Umfrage- und Formular-Cookies:<\/strong> Um sich Antworten zu merken und optimale Ergebnisse zu erzielen.<\/li>\n\n\n\n<li><strong>Website-Pr\u00e4ferenz-Cookies:<\/strong> Um Ihre Pr\u00e4ferenzen zu speichern und Ihr Surferlebnis zu verbessern.<\/li>\n<\/ul>\n\n\n\n<h3 class=\"wp-block-heading\">Cookies von Drittanbietern<\/h3>\n\n\n\n<p>Wir verwenden m\u00f6glicherweise Cookies von vertrauensw\u00fcrdigen Drittanbietern, wie zum Beispiel <strong>Google Analytics<\/strong>, Diese Cookies helfen uns zu verstehen, wie Sie die Website nutzen und Ihr Nutzererlebnis zu verbessern. Sie erfassen beispielsweise besuchte Seiten, die Verweildauer auf der Website und weitere Kennzahlen. Wir nutzen unter Umst\u00e4nden auch Werbedienste wie Google AdSense, um Ihnen relevante Anzeigen anzuzeigen.<\/p>\n\n\n\n<hr class=\"wp-block-separator has-alpha-channel-opacity\"\/>\n\n\n\n<h2 class=\"wp-block-heading\">Nutzerverpflichtung<\/h2>\n\n\n\n<p>Der Nutzer verpflichtet sich zur angemessenen Nutzung der Inhalte und Informationen von <strong>NolbViral<\/strong>, ...sich nicht an illegalen, verleumderischen oder sch\u00e4dlichen Aktivit\u00e4ten zu beteiligen, einschlie\u00dflich:<\/p>\n\n\n\n<p>A) Die Verbreitung rassistischer, fremdenfeindlicher, illegaler pornografischer Inhalte oder Inhalte, die gegen die Menschenrechte versto\u00dfen;<br>B) Sch\u00e4den an den physischen oder logischen Systemen der Website oder Dritter zu verursachen, einschlie\u00dflich der Verbreitung von Viren;<br>C) Die Nutzung der Website in einer Weise, die deren Funktionalit\u00e4t oder Sicherheit beeintr\u00e4chtigt.<\/p>\n\n\n\n<hr class=\"wp-block-separator has-alpha-channel-opacity\"\/>\n\n\n\n<p>Weitere Informationen: Wir empfehlen, Cookies aktiviert zu lassen, um die ordnungsgem\u00e4\u00dfe Funktion der Website zu gew\u00e4hrleisten.<\/p>\n\n\n\n<p><strong>Diese Richtlinie tritt im M\u00e4rz 2021 in Kraft.<\/strong><\/p>","protected":false},"excerpt":{"rendered":"<p>A sua privacidade \u00e9 importante para n\u00f3s. \u00c9 pol\u00edtica do NolbViral respeitar a sua privacidade em rela\u00e7\u00e3o a qualquer informa\u00e7\u00e3o sua que possamos coletar no site NolbViral, e outros sites que possu\u00edmos e operamos. Solicitamos informa\u00e7\u00f5es pessoais apenas quando realmente precisamos delas para lhe fornecer um servi\u00e7o. Fazemos isso por meios justos e legais, com [&hellip;]<\/p>\n","protected":false},"author":1,"featured_media":0,"parent":0,"menu_order":0,"comment_status":"closed","ping_status":"closed","template":"","meta":{"footnotes":""},"class_list":["post-392","page","type-page","status-publish"],"_links":{"self":[{"href":"https:\/\/nolbviral.com\/de\/wp-json\/wp\/v2\/pages\/392","targetHints":{"allow":["GET"]}}],"collection":[{"href":"https:\/\/nolbviral.com\/de\/wp-json\/wp\/v2\/pages"}],"about":[{"href":"https:\/\/nolbviral.com\/de\/wp-json\/wp\/v2\/types\/page"}],"author":[{"embeddable":true,"href":"https:\/\/nolbviral.com\/de\/wp-json\/wp\/v2\/users\/1"}],"replies":[{"embeddable":true,"href":"https:\/\/nolbviral.com\/de\/wp-json\/wp\/v2\/comments?post=392"}],"version-history":[{"count":1,"href":"https:\/\/nolbviral.com\/de\/wp-json\/wp\/v2\/pages\/392\/revisions"}],"predecessor-version":[{"id":648,"href":"https:\/\/nolbviral.com\/de\/wp-json\/wp\/v2\/pages\/392\/revisions\/648"}],"wp:attachment":[{"href":"https:\/\/nolbviral.com\/de\/wp-json\/wp\/v2\/media?parent=392"}],"curies":[{"name":"wp","href":"https:\/\/api.w.org\/{rel}","templated":true}]}}