{"id":391,"date":"2026-02-20T16:41:35","date_gmt":"2026-02-20T16:41:35","guid":{"rendered":"https:\/\/ahjobs.com.br\/?page_id=51"},"modified":"2026-03-01T07:02:53","modified_gmt":"2026-03-01T07:02:53","slug":"condiciones-de-uso","status":"publish","type":"page","link":"https:\/\/nolbviral.com\/es\/termos-de-uso\/","title":{"rendered":"Condiciones de uso"},"content":{"rendered":"<p>Al acceder al sitio web <strong>NolbViral<\/strong>, Al usar este sitio, usted acepta estar sujeto a estos t\u00e9rminos de servicio y a todas las leyes y regulaciones aplicables, y acepta ser responsable del cumplimiento de todas las leyes locales aplicables. Si no acepta alguno de estos t\u00e9rminos, se le proh\u00edbe usar o acceder a este sitio. Los materiales contenidos en este sitio web est\u00e1n protegidos por las leyes aplicables de derechos de autor y marcas registradas.<\/p>\n\n\n\n<p><strong>1. Uso de la licencia<\/strong><\/p>\n\n\n\n<p>Se concede permiso para descargar temporalmente una copia de los materiales (informaci\u00f3n o software) del sitio web. <strong>NolbViral<\/strong>, Esta informaci\u00f3n es solo para uso personal y no comercial. Se trata de la concesi\u00f3n de una licencia, no de una transferencia de titularidad, y bajo esta licencia no podr\u00e1:<\/p>\n\n\n\n<ul class=\"wp-block-list\">\n<li>Modificar o copiar los materiales;<\/li>\n\n\n\n<li>Utilizar los materiales para cualquier prop\u00f3sito comercial o para exhibici\u00f3n p\u00fablica (comercial o no comercial);<\/li>\n\n\n\n<li>Intentar descompilar o aplicar ingenier\u00eda inversa a cualquier software contenido en el sitio web. <strong>NolbViral<\/strong>;<\/li>\n\n\n\n<li>Eliminar cualquier copyright u otras notaciones de propiedad de los materiales; o<\/li>\n\n\n\n<li>Transferir los materiales a otra persona o &quot;duplicar&quot; los materiales en cualquier otro servidor.<\/li>\n<\/ul>\n\n\n\n<p>Esta licencia terminar\u00e1 autom\u00e1ticamente si usted viola cualquiera de estas restricciones y podr\u00e1 ser cancelada por <strong>NolbViral<\/strong> En cualquier momento. Al finalizar la visualizaci\u00f3n de estos materiales o al finalizar esta licencia, deber\u00e1 eliminar todos los materiales descargados que tenga en su poder, ya sea en formato electr\u00f3nico o impreso.<\/p>\n\n\n\n<p><strong>2. Exenci\u00f3n de responsabilidad<\/strong><\/p>\n\n\n\n<p>Los materiales del sitio web <strong>NolbViral<\/strong> Se proporcionan \u201ctal cual\u201d. <strong>NolbViral<\/strong> No ofrece garant\u00edas, expresas o impl\u00edcitas, y renuncia a todas las dem\u00e1s garant\u00edas, incluidas, entre otras, las garant\u00edas impl\u00edcitas de comerciabilidad, idoneidad para un prop\u00f3sito particular o no infracci\u00f3n de la propiedad intelectual.<\/p>\n\n\n\n<p>Adem\u00e1s, la <strong>NolbViral<\/strong> no garantiza ni hace ninguna declaraci\u00f3n sobre la precisi\u00f3n, los resultados probables o la confiabilidad del uso de los materiales en su sitio web o relacionados con dichos materiales o en cualquier sitio vinculado a este sitio.<\/p>\n\n\n\n<p><strong>3. Limitaciones<\/strong><\/p>\n\n\n\n<p>En ning\u00fan caso el <strong>NolbViral<\/strong> Usted o sus proveedores no ser\u00e1n responsables de ning\u00fan da\u00f1o (incluidos, sin limitaci\u00f3n, da\u00f1os por p\u00e9rdida de datos o ganancias, o debido a la interrupci\u00f3n del negocio) que surja del uso o la imposibilidad de usar los materiales en <strong>NolbViral<\/strong>, Incluso si el <strong>NolbViral<\/strong> o un representante autorizado ha sido notificado de la posibilidad de dichos da\u00f1os. Dado que algunas jurisdicciones no permiten limitaciones a las garant\u00edas impl\u00edcitas ni a la responsabilidad por da\u00f1os consecuentes, es posible que estas limitaciones no le sean aplicables.<\/p>\n\n\n\n<p><strong>4. Precisi\u00f3n del material<\/strong><\/p>\n\n\n\n<p>Los materiales mostrados en el sitio web <strong>NolbViral<\/strong> Pueden incluir errores t\u00e9cnicos, tipogr\u00e1ficos o fotogr\u00e1ficos. <strong>NolbViral<\/strong> No garantiza que ning\u00fan material de su sitio web sea preciso, completo o actualizado. <strong>NolbViral<\/strong> Podemos realizar cambios en los materiales contenidos en nuestro sitio web en cualquier momento sin previo aviso, pero no asumimos ning\u00fan compromiso de actualizar los materiales.<\/p>\n\n\n\n<p><strong>5. Enlaces<\/strong><\/p>\n\n\n\n<p>O <strong>NolbViral<\/strong> No hemos revisado todos los sitios enlazados a nuestro sitio web y no nos responsabilizamos del contenido de ninguno de ellos. La inclusi\u00f3n de un enlace no implica la aprobaci\u00f3n del sitio. El uso de dichos sitios web enlazados es bajo el propio riesgo del usuario.<\/p>\n\n\n\n<p><strong>6. Modificaciones<\/strong><\/p>\n\n\n\n<p>O <strong>NolbViral<\/strong> Podemos revisar estos t\u00e9rminos de servicio en cualquier momento sin previo aviso. Al utilizar este sitio web, usted acepta la versi\u00f3n vigente de estos t\u00e9rminos de servicio.<\/p>\n\n\n\n<p><strong>7. Ley aplicable<\/strong><\/p>\n\n\n\n<p>Estos t\u00e9rminos y condiciones se rigen e interpretan de conformidad con las leyes aplicables a... <strong>NolbViral<\/strong>, ...y usted se somete irrevocablemente a la jurisdicci\u00f3n exclusiva de los tribunales de ese estado o localidad.<\/p>","protected":false},"excerpt":{"rendered":"<p>Ao acessar o site NolbViral, voc\u00ea concorda em cumprir estes termos de servi\u00e7o, todas as leis e regulamentos aplic\u00e1veis e concorda que \u00e9 respons\u00e1vel pelo cumprimento de todas as leis locais aplic\u00e1veis. Se voc\u00ea n\u00e3o concordar com algum desses termos, est\u00e1 proibido de usar ou acessar este site. Os materiais contidos neste site s\u00e3o protegidos [&hellip;]<\/p>\n","protected":false},"author":1,"featured_media":0,"parent":0,"menu_order":0,"comment_status":"closed","ping_status":"closed","template":"","meta":{"footnotes":""},"class_list":["post-391","page","type-page","status-publish"],"_links":{"self":[{"href":"https:\/\/nolbviral.com\/es\/wp-json\/wp\/v2\/pages\/391","targetHints":{"allow":["GET"]}}],"collection":[{"href":"https:\/\/nolbviral.com\/es\/wp-json\/wp\/v2\/pages"}],"about":[{"href":"https:\/\/nolbviral.com\/es\/wp-json\/wp\/v2\/types\/page"}],"author":[{"embeddable":true,"href":"https:\/\/nolbviral.com\/es\/wp-json\/wp\/v2\/users\/1"}],"replies":[{"embeddable":true,"href":"https:\/\/nolbviral.com\/es\/wp-json\/wp\/v2\/comments?post=391"}],"version-history":[{"count":1,"href":"https:\/\/nolbviral.com\/es\/wp-json\/wp\/v2\/pages\/391\/revisions"}],"predecessor-version":[{"id":647,"href":"https:\/\/nolbviral.com\/es\/wp-json\/wp\/v2\/pages\/391\/revisions\/647"}],"wp:attachment":[{"href":"https:\/\/nolbviral.com\/es\/wp-json\/wp\/v2\/media?parent=391"}],"curies":[{"name":"wp","href":"https:\/\/api.w.org\/{rel}","templated":true}]}}