{"id":392,"date":"2026-02-20T16:42:09","date_gmt":"2026-02-20T16:42:09","guid":{"rendered":"https:\/\/ahjobs.com.br\/?page_id=53"},"modified":"2026-03-01T07:03:56","modified_gmt":"2026-03-01T07:03:56","slug":"politica-de-privacidad","status":"publish","type":"page","link":"https:\/\/nolbviral.com\/es\/politica-de-privacidade\/","title":{"rendered":"pol\u00edtica de privacidad"},"content":{"rendered":"<p>Su privacidad es importante para nosotros. Es nuestra pol\u00edtica. <strong>NolbViral<\/strong> Respetaremos su privacidad con respecto a cualquier informaci\u00f3n que podamos recopilar de usted en el sitio web. <strong>NolbViral<\/strong>, y otros sitios web que poseemos y operamos.<\/p>\n\n\n\n<p>Solo solicitamos informaci\u00f3n personal cuando realmente la necesitamos para prestarle un servicio. Lo hacemos de forma justa y legal, con su conocimiento y consentimiento. Tambi\u00e9n le informamos por qu\u00e9 la recopilamos y c\u00f3mo la utilizaremos.<\/p>\n\n\n\n<p>Solo conservamos la informaci\u00f3n recopilada el tiempo necesario para prestar el servicio solicitado. Al almacenar datos, los protegemos con medios comercialmente aceptables para evitar p\u00e9rdidas, robos, accesos no autorizados, divulgaciones, copias, usos o modificaciones.<\/p>\n\n\n\n<p>No compartimos informaci\u00f3n de identificaci\u00f3n personal p\u00fablicamente ni con terceros, excepto cuando lo exige la ley.<\/p>\n\n\n\n<p>Nuestro sitio web puede contener enlaces a sitios externos que no operamos. Tenga en cuenta que no tenemos control sobre el contenido ni las pr\u00e1cticas de estos sitios y no nos hacemos responsables de sus respectivas pol\u00edticas de privacidad.<\/p>\n\n\n\n<p>Usted es libre de rechazar nuestra solicitud de informaci\u00f3n personal, entendiendo que es posible que no podamos brindarle algunos de los servicios que desea.<\/p>\n\n\n\n<p>El uso continuado de nuestro sitio web se considerar\u00e1 como la aceptaci\u00f3n de nuestras pr\u00e1cticas de privacidad e informaci\u00f3n personal. Si tiene alguna pregunta sobre c\u00f3mo gestionamos los datos de los usuarios y la informaci\u00f3n personal, p\u00f3ngase en contacto con nosotros.<\/p>\n\n\n\n<hr class=\"wp-block-separator has-alpha-channel-opacity\"\/>\n\n\n\n<h2 class=\"wp-block-heading\">Pol\u00edtica de cookies \u2013 NolbViral<\/h2>\n\n\n\n<h3 class=\"wp-block-heading\">\u00bfQu\u00e9 son las cookies?<\/h3>\n\n\n\n<p>Como es habitual en casi todos los sitios web modernos, este sitio utiliza cookies, que son peque\u00f1os archivos que se descargan en su ordenador, para mejorar su experiencia. Esta p\u00e1gina describe qu\u00e9 informaci\u00f3n recopilan, c\u00f3mo la usamos y por qu\u00e9 a veces necesitamos almacenar estas cookies. Tambi\u00e9n le explicamos c\u00f3mo puede evitar que se almacenen estas cookies, aunque esto puede afectar la funcionalidad del sitio.<\/p>\n\n\n\n<h3 class=\"wp-block-heading\">\u00bfC\u00f3mo utilizamos las cookies?<\/h3>\n\n\n\n<p>Utilizamos cookies por varias razones que se detallan a continuaci\u00f3n. En la mayor\u00eda de los casos, no existen opciones est\u00e1ndar para desactivar las cookies sin desactivar por completo la funcionalidad que a\u00f1aden. Le recomendamos que deje todas las cookies activadas si no est\u00e1 seguro de si las necesita para un servicio espec\u00edfico que utiliza.<\/p>\n\n\n\n<h3 class=\"wp-block-heading\">Deshabilitar cookies<\/h3>\n\n\n\n<p>Puede evitar la instalaci\u00f3n de cookies configurando su navegador (consulte la Ayuda). Tenga en cuenta que deshabilitar las cookies afectar\u00e1 la funcionalidad de este y muchos otros sitios web.<\/p>\n\n\n\n<h3 class=\"wp-block-heading\">Tipos de cookies<\/h3>\n\n\n\n<ul class=\"wp-block-list\">\n<li><strong>Cookies relacionadas con la cuenta:<\/strong> Se utiliza para gestionar el registro y las preferencias del usuario.<\/li>\n\n\n\n<li><strong>Cookies de inicio de sesi\u00f3n:<\/strong> Para recordar su sesi\u00f3n y permitir el acceso a recursos restringidos.<\/li>\n\n\n\n<li><strong>Cookies del bolet\u00edn informativo por correo electr\u00f3nico:<\/strong> Para recordar su suscripci\u00f3n y mostrar notificaciones apropiadas.<\/li>\n\n\n\n<li><strong>Pedir galletas:<\/strong> Imprescindible para sitios web con comercio electr\u00f3nico o procesamiento de pagos.<\/li>\n\n\n\n<li><strong>Cookies de encuestas y formularios:<\/strong> Para recordar respuestas y optimizar resultados.<\/li>\n\n\n\n<li><strong>Cookies de preferencia del sitio web:<\/strong> Para guardar preferencias y mejorar tu experiencia de navegaci\u00f3n.<\/li>\n<\/ul>\n\n\n\n<h3 class=\"wp-block-heading\">Cookies de terceros<\/h3>\n\n\n\n<p>Podemos utilizar cookies de terceros de confianza, como <strong>Google Analytics<\/strong>, Estas cookies nos ayudan a comprender c\u00f3mo utiliza el sitio y a mejorar su experiencia. Pueden registrar las p\u00e1ginas visitadas, el tiempo que pasa en el sitio y otras m\u00e9tricas. Tambi\u00e9n podemos utilizar servicios publicitarios, como Google AdSense, para mostrar anuncios relevantes.<\/p>\n\n\n\n<hr class=\"wp-block-separator has-alpha-channel-opacity\"\/>\n\n\n\n<h2 class=\"wp-block-heading\">Compromiso del usuario<\/h2>\n\n\n\n<p>El usuario se compromete a hacer un uso adecuado de los contenidos e informaci\u00f3n de <strong>NolbViral<\/strong>, ...no participar en actividades ilegales, difamatorias o da\u00f1inas, incluyendo:<\/p>\n\n\n\n<p>A) Difundir contenidos racistas, xen\u00f3fobos, pornogr\u00e1ficos ilegales o que atenten contra los derechos humanos;<br>B) Provocar da\u00f1os en los sistemas f\u00edsicos o l\u00f3gicos del sitio o de terceros, incluida la difusi\u00f3n de virus;<br>C) Utilizar el sitio web de una manera que comprometa su funcionalidad o seguridad.<\/p>\n\n\n\n<hr class=\"wp-block-separator has-alpha-channel-opacity\"\/>\n\n\n\n<p>M\u00e1s informaci\u00f3n: Recomendamos mantener las cookies habilitadas para garantizar el correcto funcionamiento de las funcionalidades del sitio web.<\/p>\n\n\n\n<p><strong>Esta pol\u00edtica entra en vigor a partir de marzo de 2021.<\/strong><\/p>","protected":false},"excerpt":{"rendered":"<p>A sua privacidade \u00e9 importante para n\u00f3s. \u00c9 pol\u00edtica do NolbViral respeitar a sua privacidade em rela\u00e7\u00e3o a qualquer informa\u00e7\u00e3o sua que possamos coletar no site NolbViral, e outros sites que possu\u00edmos e operamos. Solicitamos informa\u00e7\u00f5es pessoais apenas quando realmente precisamos delas para lhe fornecer um servi\u00e7o. Fazemos isso por meios justos e legais, com [&hellip;]<\/p>\n","protected":false},"author":1,"featured_media":0,"parent":0,"menu_order":0,"comment_status":"closed","ping_status":"closed","template":"","meta":{"footnotes":""},"class_list":["post-392","page","type-page","status-publish"],"_links":{"self":[{"href":"https:\/\/nolbviral.com\/es\/wp-json\/wp\/v2\/pages\/392","targetHints":{"allow":["GET"]}}],"collection":[{"href":"https:\/\/nolbviral.com\/es\/wp-json\/wp\/v2\/pages"}],"about":[{"href":"https:\/\/nolbviral.com\/es\/wp-json\/wp\/v2\/types\/page"}],"author":[{"embeddable":true,"href":"https:\/\/nolbviral.com\/es\/wp-json\/wp\/v2\/users\/1"}],"replies":[{"embeddable":true,"href":"https:\/\/nolbviral.com\/es\/wp-json\/wp\/v2\/comments?post=392"}],"version-history":[{"count":1,"href":"https:\/\/nolbviral.com\/es\/wp-json\/wp\/v2\/pages\/392\/revisions"}],"predecessor-version":[{"id":648,"href":"https:\/\/nolbviral.com\/es\/wp-json\/wp\/v2\/pages\/392\/revisions\/648"}],"wp:attachment":[{"href":"https:\/\/nolbviral.com\/es\/wp-json\/wp\/v2\/media?parent=392"}],"curies":[{"name":"wp","href":"https:\/\/api.w.org\/{rel}","templated":true}]}}