{"id":391,"date":"2026-02-20T16:41:35","date_gmt":"2026-02-20T16:41:35","guid":{"rendered":"https:\/\/ahjobs.com.br\/?page_id=51"},"modified":"2026-03-01T07:02:53","modified_gmt":"2026-03-01T07:02:53","slug":"uvjeti-koristenja","status":"publish","type":"page","link":"https:\/\/nolbviral.com\/hr\/termos-de-uso\/","title":{"rendered":"Uvjeti kori\u0161tenja"},"content":{"rendered":"<p>Prilikom pristupa web stranici <strong>NolbViral<\/strong>, Kori\u0161tenjem ove stranice pristajete na ove uvjete pru\u017eanja usluge, sve primjenjive zakone i propise te pristajete da ste odgovorni za po\u0161tivanje svih primjenjivih lokalnih zakona. Ako se ne sla\u017eete s bilo kojim od ovih uvjeta, zabranjeno vam je kori\u0161tenje ili pristup ovoj stranici. Materijali sadr\u017eani na ovoj web stranici za\u0161ti\u0107eni su primjenjivim zakonima o autorskim pravima i za\u0161titnim znakovima.<\/p>\n\n\n\n<p><strong>1. Kori\u0161tenje licence<\/strong><\/p>\n\n\n\n<p>Dopu\u0161teno je privremeno preuzimanje kopije materijala (informacija ili softvera) s web stranice. <strong>NolbViral<\/strong>, Ovo je samo za osobno, nekomercijalno pregledavanje. Ovo je dodjela licence, a ne prijenos vlasni\u0161tva, i pod ovom licencom ne smijete:<\/p>\n\n\n\n<ul class=\"wp-block-list\">\n<li>Izmijeniti ili kopirati materijale;<\/li>\n\n\n\n<li>Kori\u0161tenje materijala u bilo koju komercijalnu svrhu ili za javno prikazivanje (komercijalno ili nekomercijalno);<\/li>\n\n\n\n<li>Poku\u0161aj dekompilacije ili obrnutog in\u017eenjeringa bilo kojeg softvera koji se nalazi na web stranici <strong>NolbViral<\/strong>;<\/li>\n\n\n\n<li>Uklonite sve napomene o autorskim pravima ili drugim vlasni\u010dkim pravima iz materijala; ili<\/li>\n\n\n\n<li>Prijenos materijala drugoj osobi ili &quot;zrcaljenje&quot; materijala na bilo koji drugi poslu\u017eitelj.<\/li>\n<\/ul>\n\n\n\n<p>Ova licenca \u0107e automatski prestati va\u017eiti ako prekr\u0161ite bilo koje od ovih ograni\u010denja, a mo\u017ee biti ukinuta od strane <strong>NolbViral<\/strong> u bilo kojem trenutku. Po prestanku pregledavanja ovih materijala ili po prestanku ove licence, morate izbrisati sve preuzete materijale koje posjedujete, bilo u elektroni\u010dkom ili tiskanom obliku.<\/p>\n\n\n\n<p><strong>2. Odricanje od odgovornosti<\/strong><\/p>\n\n\n\n<p>Materijali na web stranici <strong>NolbViral<\/strong> Pru\u017eaju se \u201ckakvi jesu\u201d. <strong>NolbViral<\/strong> Ne nudi nikakva jamstva, izri\u010dita ili implicitna, i odri\u010de se svih ostalih jamstava, uklju\u010duju\u0107i, bez ograni\u010denja, implicitna jamstva o prodajnosti, prikladnosti za odre\u0111enu svrhu ili nekr\u0161enju intelektualnog vlasni\u0161tva.<\/p>\n\n\n\n<p>Nadalje, <strong>NolbViral<\/strong> ne jam\u010di niti daje ikakve izjave u vezi s to\u010dno\u0161\u0107u, vjerojatnim rezultatima ili pouzdano\u0161\u0107u kori\u0161tenja materijala na svojoj web stranici ili na drugi na\u010din koji se odnose na takve materijale ili na bilo kojim stranicama povezanim s ovom stranicom.<\/p>\n\n\n\n<p><strong>3. Ograni\u010denja<\/strong><\/p>\n\n\n\n<p>Ni u kojem slu\u010daju <strong>NolbViral<\/strong> Vi ili va\u0161i dobavlja\u010di ne\u0107ete biti odgovorni za bilo kakvu \u0161tetu (uklju\u010duju\u0107i, bez ograni\u010denja, \u0161tetu zbog gubitka podataka ili dobiti ili zbog prekida poslovanja) koja proizlazi iz kori\u0161tenja ili nemogu\u0107nosti kori\u0161tenja materijala u <strong>NolbViral<\/strong>, \u010dak i ako <strong>NolbViral<\/strong> ili je ovla\u0161teni predstavnik obavije\u0161ten o mogu\u0107nosti takve \u0161tete. Budu\u0107i da neke jurisdikcije ne dopu\u0161taju ograni\u010denja implicitnih jamstava ili ograni\u010denja odgovornosti za posljedi\u010dnu \u0161tetu, ta se ograni\u010denja mo\u017eda ne odnose na vas.<\/p>\n\n\n\n<p><strong>4. Preciznost materijala<\/strong><\/p>\n\n\n\n<p>Materijali prikazani na web stranici <strong>NolbViral<\/strong> Mogu uklju\u010divati tehni\u010dke, tipografske ili fotografske pogre\u0161ke. <strong>NolbViral<\/strong> Ne jam\u010di da je bilo koji materijal na njegovoj web stranici to\u010dan, potpun ili a\u017euran. <strong>NolbViral<\/strong> Materijale na na\u0161oj web stranici mo\u017eemo mijenjati u bilo kojem trenutku bez prethodne najave, ali ne preuzimamo nikakvu obvezu a\u017euriranja materijala.<\/p>\n\n\n\n<p><strong>5. Linkovi<\/strong><\/p>\n\n\n\n<p>O <strong>NolbViral<\/strong> Nismo pregledali sve stranice povezane s na\u0161om web-stranicom i nismo odgovorni za sadr\u017eaj bilo koje takve povezane stranice. Uklju\u010divanje bilo koje poveznice ne podrazumijeva odobravanje stranice. Kori\u0161tenje bilo koje takve povezane web-stranice je na vlastitu odgovornost korisnika.<\/p>\n\n\n\n<p><strong>6. Izmjene<\/strong><\/p>\n\n\n\n<p>O <strong>NolbViral<\/strong> Ove uvjete kori\u0161tenja mo\u017eemo izmijeniti u bilo kojem trenutku bez prethodne najave. Kori\u0161tenjem ove web stranice pristajete na trenutnu verziju ovih uvjeta kori\u0161tenja.<\/p>\n\n\n\n<p><strong>7. Mjerodavno pravo<\/strong><\/p>\n\n\n\n<p>Ovi uvjeti i odredbe ure\u0111eni su i tuma\u010de se u skladu sa zakonima koji se primjenjuju na... <strong>NolbViral<\/strong>, ...i neopozivo se podvrgavate isklju\u010divoj nadle\u017enosti sudova u toj dr\u017eavi ili mjestu.<\/p>","protected":false},"excerpt":{"rendered":"<p>Ao acessar o site NolbViral, voc\u00ea concorda em cumprir estes termos de servi\u00e7o, todas as leis e regulamentos aplic\u00e1veis e concorda que \u00e9 respons\u00e1vel pelo cumprimento de todas as leis locais aplic\u00e1veis. Se voc\u00ea n\u00e3o concordar com algum desses termos, est\u00e1 proibido de usar ou acessar este site. Os materiais contidos neste site s\u00e3o protegidos [&hellip;]<\/p>\n","protected":false},"author":1,"featured_media":0,"parent":0,"menu_order":0,"comment_status":"closed","ping_status":"closed","template":"","meta":{"footnotes":""},"class_list":["post-391","page","type-page","status-publish"],"_links":{"self":[{"href":"https:\/\/nolbviral.com\/hr\/wp-json\/wp\/v2\/pages\/391","targetHints":{"allow":["GET"]}}],"collection":[{"href":"https:\/\/nolbviral.com\/hr\/wp-json\/wp\/v2\/pages"}],"about":[{"href":"https:\/\/nolbviral.com\/hr\/wp-json\/wp\/v2\/types\/page"}],"author":[{"embeddable":true,"href":"https:\/\/nolbviral.com\/hr\/wp-json\/wp\/v2\/users\/1"}],"replies":[{"embeddable":true,"href":"https:\/\/nolbviral.com\/hr\/wp-json\/wp\/v2\/comments?post=391"}],"version-history":[{"count":1,"href":"https:\/\/nolbviral.com\/hr\/wp-json\/wp\/v2\/pages\/391\/revisions"}],"predecessor-version":[{"id":647,"href":"https:\/\/nolbviral.com\/hr\/wp-json\/wp\/v2\/pages\/391\/revisions\/647"}],"wp:attachment":[{"href":"https:\/\/nolbviral.com\/hr\/wp-json\/wp\/v2\/media?parent=391"}],"curies":[{"name":"wp","href":"https:\/\/api.w.org\/{rel}","templated":true}]}}