{"id":392,"date":"2026-02-20T16:42:09","date_gmt":"2026-02-20T16:42:09","guid":{"rendered":"https:\/\/ahjobs.com.br\/?page_id=53"},"modified":"2026-03-01T07:03:56","modified_gmt":"2026-03-01T07:03:56","slug":"pravila-o-privatnosti","status":"publish","type":"page","link":"https:\/\/nolbviral.com\/hr\/politica-de-privacidade\/","title":{"rendered":"Pravila o privatnosti"},"content":{"rendered":"<p>Va\u0161a privatnost nam je va\u017ena. To je na\u0161a politika. <strong>NolbViral<\/strong> Po\u0161tovat \u0107emo va\u0161u privatnost u vezi sa svim informacijama koje mo\u017eemo prikupiti od vas na web stranici. <strong>NolbViral<\/strong>, i druge web stranice koje posjedujemo i kojima upravljamo.<\/p>\n\n\n\n<p>Osobne podatke tra\u017eimo samo kada su nam zaista potrebni kako bismo vam pru\u017eili uslugu. To \u010dinimo po\u0161teno i zakonito, uz va\u0161e znanje i pristanak. Tako\u0111er vas obavje\u0161tavamo za\u0161to ih prikupljamo i kako \u0107e se koristiti.<\/p>\n\n\n\n<p>Prikupljene podatke \u010duvamo samo onoliko dugo koliko je potrebno za pru\u017eanje tra\u017eene usluge. Kada pohranjujemo podatke, \u0161titimo ih komercijalno prihvatljivim sredstvima kako bismo sprije\u010dili gubitak, kra\u0111u, neovla\u0161teni pristup, otkrivanje, kopiranje, kori\u0161tenje ili izmjenu.<\/p>\n\n\n\n<p>Ne dijelimo osobne podatke javno ili s tre\u0107im stranama, osim kada je to zakonom propisano.<\/p>\n\n\n\n<p>Na\u0161a web stranica mo\u017ee sadr\u017eavati poveznice na vanjske stranice kojima ne upravljamo mi. Imajte na umu da nemamo kontrolu nad sadr\u017eajem i praksama tih stranica te ne mo\u017eemo preuzeti odgovornost za njihove odgovaraju\u0107e politike privatnosti.<\/p>\n\n\n\n<p>Slobodni ste odbiti na\u0161 zahtjev za osobnim podacima, uz razumijevanje da vam mo\u017eda ne\u0107emo mo\u0107i pru\u017eiti neke od usluga koje \u017eelite.<\/p>\n\n\n\n<p>Daljnje kori\u0161tenje na\u0161e web stranice smatrat \u0107e se prihva\u0107anjem na\u0161ih praksi u vezi s privatno\u0161\u0107u i osobnim podacima. Ako imate bilo kakvih pitanja o tome kako postupamo s korisni\u010dkim podacima i osobnim podacima, kontaktirajte nas.<\/p>\n\n\n\n<hr class=\"wp-block-separator has-alpha-channel-opacity\"\/>\n\n\n\n<h2 class=\"wp-block-heading\">Pravila o kola\u010di\u0107ima \u2013 NolbViral<\/h2>\n\n\n\n<h3 class=\"wp-block-heading\">\u0160to su kola\u010di\u0107i?<\/h3>\n\n\n\n<p>Kao \u0161to je uobi\u010dajena praksa na gotovo svim modernim web stranicama, ova stranica koristi kola\u010di\u0107e, male datoteke koje se preuzimaju na va\u0161e ra\u010dunalo, kako bi pobolj\u0161ala va\u0161e iskustvo. Ova stranica opisuje koje informacije prikupljaju, kako ih koristimo i za\u0161to ponekad trebamo pohraniti te kola\u010di\u0107e. Tako\u0111er dijelimo kako mo\u017eete sprije\u010diti pohranjivanje ovih kola\u010di\u0107a, iako to mo\u017ee utjecati na funkcionalnost stranice.<\/p>\n\n\n\n<h3 class=\"wp-block-heading\">Kako koristimo kola\u010di\u0107e?<\/h3>\n\n\n\n<p>Kola\u010di\u0107e koristimo iz nekoliko razloga detaljno opisanih u nastavku. U ve\u0107ini slu\u010dajeva ne postoje standardne opcije za onemogu\u0107avanje kola\u010di\u0107a bez potpunog onemogu\u0107avanja funkcionalnosti koju dodaju. Preporu\u010dujemo da ostavite sve kola\u010di\u0107e omogu\u0107ene ako niste sigurni trebaju li vam za odre\u0111enu uslugu koju koristite.<\/p>\n\n\n\n<h3 class=\"wp-block-heading\">Onemogu\u0107i kola\u010di\u0107e<\/h3>\n\n\n\n<p>Postavljanje kola\u010di\u0107a mo\u017eete sprije\u010diti pode\u0161avanjem postavki u va\u0161em pregledniku (pogledajte Pomo\u0107 va\u0161eg preglednika). Imajte na umu da \u0107e onemogu\u0107avanje kola\u010di\u0107a utjecati na funkcionalnost ove i mnogih drugih web stranica.<\/p>\n\n\n\n<h3 class=\"wp-block-heading\">Vrste kola\u010di\u0107a<\/h3>\n\n\n\n<ul class=\"wp-block-list\">\n<li><strong>Kola\u010di\u0107i povezani s ra\u010dunom:<\/strong> Koristi se za upravljanje registracijom korisnika i postavkama.<\/li>\n\n\n\n<li><strong>Kola\u010di\u0107i za prijavu:<\/strong> Za pam\u0107enje va\u0161e sesije i omogu\u0107avanje pristupa ograni\u010denim resursima.<\/li>\n\n\n\n<li><strong>Kola\u010di\u0107i e-mail biltena:<\/strong> Kako bismo zapamtili va\u0161u pretplatu i prikazali odgovaraju\u0107e obavijesti.<\/li>\n\n\n\n<li><strong>Naru\u010dite kola\u010di\u0107e:<\/strong> Neophodno za web stranice s e-trgovinom ili obradom pla\u0107anja.<\/li>\n\n\n\n<li><strong>Kola\u010di\u0107i za ankete i obrasce:<\/strong> Zapamtiti odgovore i optimizirati rezultate.<\/li>\n\n\n\n<li><strong>Kola\u010di\u0107i postavki web-mjesta:<\/strong> Za spremanje postavki i pobolj\u0161anje va\u0161eg iskustva pregledavanja.<\/li>\n<\/ul>\n\n\n\n<h3 class=\"wp-block-heading\">Kola\u010di\u0107i tre\u0107ih strana<\/h3>\n\n\n\n<p>Mo\u017eemo koristiti kola\u010di\u0107e pouzdanih tre\u0107ih strana, kao \u0161to su <strong>Google Analytics<\/strong>, Ovi kola\u010di\u0107i nam poma\u017eu da razumijemo kako koristite stranicu i pobolj\u0161amo va\u0161e iskustvo. Mogu pratiti posje\u0107ene stranice, vrijeme provedeno na stranici i druge metrike. Tako\u0111er mo\u017eemo koristiti ogla\u0161iva\u010dke usluge, kao \u0161to je Google AdSense, za prikazivanje relevantnih oglasa.<\/p>\n\n\n\n<hr class=\"wp-block-separator has-alpha-channel-opacity\"\/>\n\n\n\n<h2 class=\"wp-block-heading\">Obveza korisnika<\/h2>\n\n\n\n<p>Korisnik se sla\u017ee da \u0107e na odgovaraju\u0107i na\u010din koristiti sadr\u017eaj i informacije iz <strong>NolbViral<\/strong>, ...ne sudjelovati u nezakonitim, klevetni\u010dkim ili \u0161tetnim aktivnostima, uklju\u010duju\u0107i:<\/p>\n\n\n\n<p>A) \u0160iriti rasisti\u010dki, ksenofobni, ilegalni pornografski sadr\u017eaj ili sadr\u017eaj koji kr\u0161i ljudska prava;<br>B) Uzrokovati \u0161tetu fizi\u010dkim ili logi\u010dkim sustavima stranice ili tre\u0107ih strana, uklju\u010duju\u0107i \u0161irenje virusa;<br>C) Kori\u0161tenje web stranice na na\u010din koji ugro\u017eava njezinu funkcionalnost ili sigurnost.<\/p>\n\n\n\n<hr class=\"wp-block-separator has-alpha-channel-opacity\"\/>\n\n\n\n<p>Vi\u0161e informacija: Preporu\u010dujemo da kola\u010di\u0107e ostavite omogu\u0107ene kako biste osigurali pravilno funkcioniranje zna\u010dajki web stranice.<\/p>\n\n\n\n<p><strong>Ova politika stupa na snagu od o\u017eujka 2021.<\/strong><\/p>","protected":false},"excerpt":{"rendered":"<p>A sua privacidade \u00e9 importante para n\u00f3s. \u00c9 pol\u00edtica do NolbViral respeitar a sua privacidade em rela\u00e7\u00e3o a qualquer informa\u00e7\u00e3o sua que possamos coletar no site NolbViral, e outros sites que possu\u00edmos e operamos. Solicitamos informa\u00e7\u00f5es pessoais apenas quando realmente precisamos delas para lhe fornecer um servi\u00e7o. Fazemos isso por meios justos e legais, com [&hellip;]<\/p>\n","protected":false},"author":1,"featured_media":0,"parent":0,"menu_order":0,"comment_status":"closed","ping_status":"closed","template":"","meta":{"footnotes":""},"class_list":["post-392","page","type-page","status-publish"],"_links":{"self":[{"href":"https:\/\/nolbviral.com\/hr\/wp-json\/wp\/v2\/pages\/392","targetHints":{"allow":["GET"]}}],"collection":[{"href":"https:\/\/nolbviral.com\/hr\/wp-json\/wp\/v2\/pages"}],"about":[{"href":"https:\/\/nolbviral.com\/hr\/wp-json\/wp\/v2\/types\/page"}],"author":[{"embeddable":true,"href":"https:\/\/nolbviral.com\/hr\/wp-json\/wp\/v2\/users\/1"}],"replies":[{"embeddable":true,"href":"https:\/\/nolbviral.com\/hr\/wp-json\/wp\/v2\/comments?post=392"}],"version-history":[{"count":1,"href":"https:\/\/nolbviral.com\/hr\/wp-json\/wp\/v2\/pages\/392\/revisions"}],"predecessor-version":[{"id":648,"href":"https:\/\/nolbviral.com\/hr\/wp-json\/wp\/v2\/pages\/392\/revisions\/648"}],"wp:attachment":[{"href":"https:\/\/nolbviral.com\/hr\/wp-json\/wp\/v2\/media?parent=392"}],"curies":[{"name":"wp","href":"https:\/\/api.w.org\/{rel}","templated":true}]}}