{"id":391,"date":"2026-02-20T16:41:35","date_gmt":"2026-02-20T16:41:35","guid":{"rendered":"https:\/\/ahjobs.com.br\/?page_id=51"},"modified":"2026-03-01T07:02:53","modified_gmt":"2026-03-01T07:02:53","slug":"warunki-uzytkowania","status":"publish","type":"page","link":"https:\/\/nolbviral.com\/pl\/termos-de-uso\/","title":{"rendered":"Warunki korzystania"},"content":{"rendered":"<p>Podczas uzyskiwania dost\u0119pu do witryny internetowej <strong>NolbViral<\/strong>, Korzystaj\u0105c z tej witryny, zgadzasz si\u0119 na przestrzeganie niniejszych warunk\u00f3w korzystania z us\u0142ugi, wszystkich obowi\u0105zuj\u0105cych przepis\u00f3w i regulacji oraz przyjmujesz odpowiedzialno\u015b\u0107 za przestrzeganie wszystkich obowi\u0105zuj\u0105cych przepis\u00f3w lokalnych. W przypadku braku zgody na kt\u00f3rykolwiek z tych warunk\u00f3w korzystanie z tej witryny lub uzyskiwanie do niej dost\u0119pu jest zabronione. Materia\u0142y zawarte na tej stronie internetowej s\u0105 chronione obowi\u0105zuj\u0105cymi prawami autorskimi i prawami do znak\u00f3w towarowych.<\/p>\n\n\n\n<p><strong>1. U\u017cytkowanie licencji<\/strong><\/p>\n\n\n\n<p>Udziela si\u0119 zgody na tymczasowe pobranie kopii materia\u0142\u00f3w (informacji lub oprogramowania) znajduj\u0105cych si\u0119 na stronie internetowej. <strong>NolbViral<\/strong>, To jest przeznaczone wy\u0142\u0105cznie do osobistego, niekomercyjnego ogl\u0105dania. Jest to udzielenie licencji, a nie przeniesienie tytu\u0142u w\u0142asno\u015bci, i na mocy tej licencji nie wolno:<\/p>\n\n\n\n<ul class=\"wp-block-list\">\n<li>Modyfikowa\u0107 lub kopiowa\u0107 materia\u0142y;<\/li>\n\n\n\n<li>Wykorzystanie materia\u0142\u00f3w w celach komercyjnych lub do publicznego wy\u015bwietlania (komercyjnego lub niekomercyjnego);<\/li>\n\n\n\n<li>Pr\u00f3ba dekompilacji lub in\u017cynierii wstecznej jakiegokolwiek oprogramowania zawartego na stronie internetowej <strong>NolbViral<\/strong>;<\/li>\n\n\n\n<li>Usu\u0144 wszelkie informacje o prawach autorskich lub inne informacje o w\u0142asno\u015bci z materia\u0142\u00f3w; lub<\/li>\n\n\n\n<li>Przenoszenie materia\u0142\u00f3w do innej osoby lub \u201cprzenoszenie\u201d materia\u0142\u00f3w na inny serwer.<\/li>\n<\/ul>\n\n\n\n<p>Niniejsza licencja ulega automatycznemu rozwi\u0105zaniu w przypadku naruszenia kt\u00f3regokolwiek z tych ogranicze\u0144 i mo\u017ce zosta\u0107 rozwi\u0105zana przez: <strong>NolbViral<\/strong> w dowolnym momencie. Po zako\u0144czeniu przegl\u0105dania tych materia\u0142\u00f3w lub po wyga\u015bni\u0119ciu niniejszej licencji musisz usun\u0105\u0107 wszystkie pobrane materia\u0142y b\u0119d\u0105ce w Twoim posiadaniu, niezale\u017cnie od tego, czy s\u0105 w formie elektronicznej, czy drukowanej.<\/p>\n\n\n\n<p><strong>2. Zrzeczenie si\u0119 odpowiedzialno\u015bci<\/strong><\/p>\n\n\n\n<p>Materia\u0142y na stronie internetowej <strong>NolbViral<\/strong> S\u0105 one udost\u0119pniane \u201ctak jak s\u0105\u201d. <strong>NolbViral<\/strong> Nie udziela \u017cadnych gwarancji, wyra\u017anych ani dorozumianych, i wy\u0142\u0105cza wszelkie inne gwarancje, w tym mi\u0119dzy innymi dorozumiane gwarancje przydatno\u015bci handlowej, przydatno\u015bci do okre\u015blonego celu lub nienaruszania praw w\u0142asno\u015bci intelektualnej.<\/p>\n\n\n\n<p>Ponadto, <strong>NolbViral<\/strong> nie gwarantuje i nie sk\u0142ada \u017cadnych o\u015bwiadcze\u0144 dotycz\u0105cych dok\u0142adno\u015bci, prawdopodobnych wynik\u00f3w lub niezawodno\u015bci korzystania z materia\u0142\u00f3w zamieszczonych na swojej stronie internetowej lub w inny spos\u00f3b powi\u0105zanych z takimi materia\u0142ami b\u0105d\u017a z witrynami po\u0142\u0105czonymi z t\u0105 witryn\u0105.<\/p>\n\n\n\n<p><strong>3. Ograniczenia<\/strong><\/p>\n\n\n\n<p>W \u017cadnym wypadku <strong>NolbViral<\/strong> Ty ani Twoi dostawcy nie b\u0119dziecie ponosi\u0107 odpowiedzialno\u015bci za jakiekolwiek szkody (w tym, bez ogranicze\u0144, szkody z tytu\u0142u utraty danych lub zysk\u00f3w lub z powodu przerwy w dzia\u0142alno\u015bci) wynikaj\u0105ce z u\u017cytkowania lub niemo\u017cno\u015bci u\u017cytkowania materia\u0142\u00f3w w <strong>NolbViral<\/strong>, nawet je\u015bli <strong>NolbViral<\/strong> lub upowa\u017cniony przedstawiciel zosta\u0142 powiadomiony o mo\u017cliwo\u015bci wyst\u0105pienia takich szk\u00f3d. Poniewa\u017c niekt\u00f3re jurysdykcje nie zezwalaj\u0105 na ograniczenia gwarancji dorozumianych ani ograniczenia odpowiedzialno\u015bci za szkody nast\u0119pcze, ograniczenia te mog\u0105 nie mie\u0107 zastosowania w Twoim przypadku.<\/p>\n\n\n\n<p><strong>4. Precyzja materia\u0142u<\/strong><\/p>\n\n\n\n<p>Materia\u0142y prezentowane na stronie internetowej <strong>NolbViral<\/strong> Mog\u0105 one obejmowa\u0107 b\u0142\u0119dy techniczne, typograficzne lub fotograficzne. <strong>NolbViral<\/strong> Nie gwarantujemy, \u017ce materia\u0142y zamieszczone na stronie internetowej s\u0105 dok\u0142adne, kompletne lub aktualne. <strong>NolbViral<\/strong> Mamy prawo dokonywa\u0107 zmian w materia\u0142ach zawartych na naszej stronie internetowej w dowolnym momencie i bez uprzedzenia, ale nie zobowi\u0105zujemy si\u0119 do ich aktualizacji.<\/p>\n\n\n\n<p><strong>5. Linki<\/strong><\/p>\n\n\n\n<p>O <strong>NolbViral<\/strong> Nie sprawdzili\u015bmy wszystkich stron internetowych, do kt\u00f3rych prowadz\u0105 linki z naszej witryny, i nie ponosimy odpowiedzialno\u015bci za ich zawarto\u015b\u0107. Zamieszczenie linku nie oznacza rekomendacji danej witryny. Korzystanie z takich link\u00f3w odbywa si\u0119 na w\u0142asne ryzyko u\u017cytkownika.<\/p>\n\n\n\n<p><strong>6. Modyfikacje<\/strong><\/p>\n\n\n\n<p>O <strong>NolbViral<\/strong> Mo\u017cemy zmieni\u0107 niniejsze Warunki korzystania z us\u0142ugi w dowolnym momencie i bez uprzedniego powiadomienia. Korzystaj\u0105c z tej strony internetowej, zgadzasz si\u0119 na obowi\u0105zywanie aktualnej wersji niniejszych Warunk\u00f3w korzystania z us\u0142ugi.<\/p>\n\n\n\n<p><strong>7. Prawo w\u0142a\u015bciwe<\/strong><\/p>\n\n\n\n<p>Niniejsze warunki podlegaj\u0105 przepisom prawa w\u0142a\u015bciwego i zgodnie z nimi b\u0119d\u0105 interpretowane. <strong>NolbViral<\/strong>, ...i nieodwo\u0142alnie poddajesz si\u0119 wy\u0142\u0105cznej jurysdykcji s\u0105d\u00f3w danego pa\u0144stwa lub miejscowo\u015bci.<\/p>","protected":false},"excerpt":{"rendered":"<p>Ao acessar o site NolbViral, voc\u00ea concorda em cumprir estes termos de servi\u00e7o, todas as leis e regulamentos aplic\u00e1veis e concorda que \u00e9 respons\u00e1vel pelo cumprimento de todas as leis locais aplic\u00e1veis. Se voc\u00ea n\u00e3o concordar com algum desses termos, est\u00e1 proibido de usar ou acessar este site. Os materiais contidos neste site s\u00e3o protegidos [&hellip;]<\/p>\n","protected":false},"author":1,"featured_media":0,"parent":0,"menu_order":0,"comment_status":"closed","ping_status":"closed","template":"","meta":{"footnotes":""},"class_list":["post-391","page","type-page","status-publish"],"_links":{"self":[{"href":"https:\/\/nolbviral.com\/pl\/wp-json\/wp\/v2\/pages\/391","targetHints":{"allow":["GET"]}}],"collection":[{"href":"https:\/\/nolbviral.com\/pl\/wp-json\/wp\/v2\/pages"}],"about":[{"href":"https:\/\/nolbviral.com\/pl\/wp-json\/wp\/v2\/types\/page"}],"author":[{"embeddable":true,"href":"https:\/\/nolbviral.com\/pl\/wp-json\/wp\/v2\/users\/1"}],"replies":[{"embeddable":true,"href":"https:\/\/nolbviral.com\/pl\/wp-json\/wp\/v2\/comments?post=391"}],"version-history":[{"count":1,"href":"https:\/\/nolbviral.com\/pl\/wp-json\/wp\/v2\/pages\/391\/revisions"}],"predecessor-version":[{"id":647,"href":"https:\/\/nolbviral.com\/pl\/wp-json\/wp\/v2\/pages\/391\/revisions\/647"}],"wp:attachment":[{"href":"https:\/\/nolbviral.com\/pl\/wp-json\/wp\/v2\/media?parent=391"}],"curies":[{"name":"wp","href":"https:\/\/api.w.org\/{rel}","templated":true}]}}