{"id":392,"date":"2026-02-20T16:42:09","date_gmt":"2026-02-20T16:42:09","guid":{"rendered":"https:\/\/ahjobs.com.br\/?page_id=53"},"modified":"2026-03-01T07:03:56","modified_gmt":"2026-03-01T07:03:56","slug":"polityka-prywatnosci","status":"publish","type":"page","link":"https:\/\/nolbviral.com\/pl\/politica-de-privacidade\/","title":{"rendered":"Polityka prywatno\u015bci"},"content":{"rendered":"<p>Twoja prywatno\u015b\u0107 jest dla nas wa\u017cna. To nasza polityka. <strong>NolbViral<\/strong> Szanujemy Twoj\u0105 prywatno\u015b\u0107 w kontek\u015bcie wszelkich informacji, kt\u00f3re mo\u017cemy od Ciebie zebra\u0107 na stronie internetowej. <strong>NolbViral<\/strong>, oraz inne witryny internetowe, kt\u00f3rych jeste\u015bmy w\u0142a\u015bcicielami i kt\u00f3re obs\u0142ugujemy.<\/p>\n\n\n\n<p>\u017b\u0105damy podania danych osobowych tylko wtedy, gdy jest to rzeczywi\u015bcie niezb\u0119dne do \u015bwiadczenia Ci us\u0142ugi. Robimy to uczciwie i zgodnie z prawem, za Twoj\u0105 wiedz\u0105 i zgod\u0105. Informujemy Ci\u0119 r\u00f3wnie\u017c, dlaczego je gromadzimy i jak b\u0119d\u0105 wykorzystywane.<\/p>\n\n\n\n<p>Zebrane informacje przechowujemy tylko tak d\u0142ugo, jak jest to konieczne do \u015bwiadczenia \u017c\u0105danej us\u0142ugi. Przechowuj\u0105c dane, chronimy je w spos\u00f3b komercyjnie akceptowalny, aby zapobiec ich utracie, kradzie\u017cy, nieautoryzowanemu dost\u0119powi, ujawnieniu, kopiowaniu, wykorzystaniu lub modyfikacji.<\/p>\n\n\n\n<p>Nie udost\u0119pniamy danych osobowych publicznie ani osobom trzecim, chyba \u017ce wymaga tego prawo.<\/p>\n\n\n\n<p>Nasza strona internetowa mo\u017ce zawiera\u0107 linki do stron zewn\u0119trznych, kt\u00f3re nie s\u0105 przez nas obs\u0142ugiwane. Prosimy pami\u0119ta\u0107, \u017ce nie mamy kontroli nad tre\u015bci\u0105 ani praktykami stosowanymi na tych stronach i nie ponosimy odpowiedzialno\u015bci za ich polityk\u0119 prywatno\u015bci.<\/p>\n\n\n\n<p>Masz prawo odm\u00f3wi\u0107 podania danych osobowych, rozumiej\u0105c, \u017ce mo\u017cemy nie by\u0107 w stanie dostarczy\u0107 Ci niekt\u00f3rych us\u0142ug, kt\u00f3rych potrzebujesz.<\/p>\n\n\n\n<p>Dalsze korzystanie z naszej strony internetowej b\u0119dzie r\u00f3wnoznaczne z akceptacj\u0105 naszych zasad dotycz\u0105cych prywatno\u015bci i danych osobowych. W przypadku pyta\u0144 dotycz\u0105cych sposobu przetwarzania danych u\u017cytkownik\u00f3w i danych osobowych prosimy o kontakt.<\/p>\n\n\n\n<hr class=\"wp-block-separator has-alpha-channel-opacity\"\/>\n\n\n\n<h2 class=\"wp-block-heading\">Polityka plik\u00f3w cookie \u2013 NolbViral<\/h2>\n\n\n\n<h3 class=\"wp-block-heading\">Czym s\u0105 pliki cookie?<\/h3>\n\n\n\n<p>Zgodnie z powszechn\u0105 praktyk\u0105 stosowan\u0105 na niemal wszystkich wsp\u00f3\u0142czesnych stronach internetowych, ta witryna wykorzystuje pliki cookie, czyli niewielkie pliki pobierane na Tw\u00f3j komputer, aby poprawi\u0107 komfort u\u017cytkowania. Na tej stronie opisano, jakie informacje s\u0105 gromadzone, jak je wykorzystujemy i dlaczego czasami musimy przechowywa\u0107 te pliki cookie. Informujemy r\u00f3wnie\u017c, jak mo\u017cna zapobiec ich przechowywaniu, cho\u0107 mo\u017ce to wp\u0142yn\u0105\u0107 na funkcjonalno\u015b\u0107 witryny.<\/p>\n\n\n\n<h3 class=\"wp-block-heading\">Jak u\u017cywamy plik\u00f3w cookie?<\/h3>\n\n\n\n<p>U\u017cywamy plik\u00f3w cookie z kilku powod\u00f3w opisanych poni\u017cej. W wi\u0119kszo\u015bci przypadk\u00f3w nie ma standardowych opcji wy\u0142\u0105czenia plik\u00f3w cookie bez ca\u0142kowitego wy\u0142\u0105czenia funkcji, kt\u00f3re dodaj\u0105. Zalecamy pozostawienie wszystkich plik\u00f3w cookie w\u0142\u0105czonych, je\u015bli nie masz pewno\u015bci, czy potrzebujesz ich do konkretnej us\u0142ugi, z kt\u00f3rej korzystasz.<\/p>\n\n\n\n<h3 class=\"wp-block-heading\">Wy\u0142\u0105cz pliki cookie<\/h3>\n\n\n\n<p>Mo\u017cesz zablokowa\u0107 zapisywanie plik\u00f3w cookie, zmieniaj\u0105c ustawienia w swojej przegl\u0105darce (zobacz Pomoc przegl\u0105darki). Pami\u0119taj, \u017ce wy\u0142\u0105czenie plik\u00f3w cookie wp\u0142ynie na funkcjonalno\u015b\u0107 tej i wielu innych stron internetowych.<\/p>\n\n\n\n<h3 class=\"wp-block-heading\">Rodzaje plik\u00f3w cookie<\/h3>\n\n\n\n<ul class=\"wp-block-list\">\n<li><strong>Pliki cookie zwi\u0105zane z kontem:<\/strong> S\u0142u\u017cy do zarz\u0105dzania rejestracj\u0105 u\u017cytkownik\u00f3w i ich preferencjami.<\/li>\n\n\n\n<li><strong>Pliki cookie logowania:<\/strong> Aby zapami\u0119ta\u0107 Twoj\u0105 sesj\u0119 i umo\u017cliwi\u0107 dost\u0119p do ograniczonych zasob\u00f3w.<\/li>\n\n\n\n<li><strong>Pliki cookie biuletynu e-mail:<\/strong> Aby zapami\u0119ta\u0107 Twoj\u0105 subskrypcj\u0119 i wy\u015bwietli\u0107 odpowiednie powiadomienia.<\/li>\n\n\n\n<li><strong>Zam\u00f3w ciasteczka:<\/strong> Niezb\u0119dne dla stron internetowych zajmuj\u0105cych si\u0119 handlem elektronicznym lub przetwarzaniem p\u0142atno\u015bci.<\/li>\n\n\n\n<li><strong>Pliki cookie ankiet i formularzy:<\/strong> Aby zapami\u0119ta\u0107 odpowiedzi i zoptymalizowa\u0107 wyniki.<\/li>\n\n\n\n<li><strong>Pliki cookie preferencji witryny:<\/strong> Aby zapisa\u0107 preferencje i ulepszy\u0107 komfort przegl\u0105dania.<\/li>\n<\/ul>\n\n\n\n<h3 class=\"wp-block-heading\">Pliki cookie stron trzecich<\/h3>\n\n\n\n<p>Mo\u017cemy u\u017cywa\u0107 plik\u00f3w cookie pochodz\u0105cych od zaufanych stron trzecich, takich jak: <strong>Google Analytics<\/strong>, Te pliki cookie pomagaj\u0105 nam zrozumie\u0107, w jaki spos\u00f3b korzystasz z witryny i ulepszy\u0107 Twoje do\u015bwiadczenia. Mog\u0105 one \u015bledzi\u0107 odwiedzane strony, czas sp\u0119dzony na stronie i inne wska\u017aniki. Mo\u017cemy r\u00f3wnie\u017c korzysta\u0107 z us\u0142ug reklamowych, takich jak Google AdSense, aby wy\u015bwietla\u0107 trafne reklamy.<\/p>\n\n\n\n<hr class=\"wp-block-separator has-alpha-channel-opacity\"\/>\n\n\n\n<h2 class=\"wp-block-heading\">Zaanga\u017cowanie u\u017cytkownika<\/h2>\n\n\n\n<p>U\u017cytkownik wyra\u017ca zgod\u0119 na w\u0142a\u015bciwe wykorzystanie tre\u015bci i informacji ze strony <strong>NolbViral<\/strong>, ...nieanga\u017cowanie si\u0119 w dzia\u0142ania niezgodne z prawem, znies\u0142awiaj\u0105ce lub szkodliwe, w tym:<\/p>\n\n\n\n<p>A) Rozpowszechnia\u0107 tre\u015bci rasistowskie, ksenofobiczne, nielegalne tre\u015bci pornograficzne lub tre\u015bci naruszaj\u0105ce prawa cz\u0142owieka;<br>B) Wyrz\u0105dza\u0107 szkody systemom fizycznym lub logicznym witryny lub os\u00f3b trzecich, w tym rozprzestrzenia\u0107 wirusy;<br>C) Korzystanie ze strony internetowej w spos\u00f3b zagra\u017caj\u0105cy jej funkcjonalno\u015bci lub bezpiecze\u0144stwu.<\/p>\n\n\n\n<hr class=\"wp-block-separator has-alpha-channel-opacity\"\/>\n\n\n\n<p>Wi\u0119cej informacji: Zalecamy pozostawienie w\u0142\u0105czonej obs\u0142ugi plik\u00f3w cookies w celu zapewnienia prawid\u0142owego dzia\u0142ania funkcji witryny.<\/p>\n\n\n\n<p><strong>Niniejsza polityka obowi\u0105zuje od marca 2021 r.<\/strong><\/p>","protected":false},"excerpt":{"rendered":"<p>A sua privacidade \u00e9 importante para n\u00f3s. \u00c9 pol\u00edtica do NolbViral respeitar a sua privacidade em rela\u00e7\u00e3o a qualquer informa\u00e7\u00e3o sua que possamos coletar no site NolbViral, e outros sites que possu\u00edmos e operamos. Solicitamos informa\u00e7\u00f5es pessoais apenas quando realmente precisamos delas para lhe fornecer um servi\u00e7o. Fazemos isso por meios justos e legais, com [&hellip;]<\/p>\n","protected":false},"author":1,"featured_media":0,"parent":0,"menu_order":0,"comment_status":"closed","ping_status":"closed","template":"","meta":{"footnotes":""},"class_list":["post-392","page","type-page","status-publish"],"_links":{"self":[{"href":"https:\/\/nolbviral.com\/pl\/wp-json\/wp\/v2\/pages\/392","targetHints":{"allow":["GET"]}}],"collection":[{"href":"https:\/\/nolbviral.com\/pl\/wp-json\/wp\/v2\/pages"}],"about":[{"href":"https:\/\/nolbviral.com\/pl\/wp-json\/wp\/v2\/types\/page"}],"author":[{"embeddable":true,"href":"https:\/\/nolbviral.com\/pl\/wp-json\/wp\/v2\/users\/1"}],"replies":[{"embeddable":true,"href":"https:\/\/nolbviral.com\/pl\/wp-json\/wp\/v2\/comments?post=392"}],"version-history":[{"count":1,"href":"https:\/\/nolbviral.com\/pl\/wp-json\/wp\/v2\/pages\/392\/revisions"}],"predecessor-version":[{"id":648,"href":"https:\/\/nolbviral.com\/pl\/wp-json\/wp\/v2\/pages\/392\/revisions\/648"}],"wp:attachment":[{"href":"https:\/\/nolbviral.com\/pl\/wp-json\/wp\/v2\/media?parent=392"}],"curies":[{"name":"wp","href":"https:\/\/api.w.org\/{rel}","templated":true}]}}