{"id":391,"date":"2026-02-20T16:41:35","date_gmt":"2026-02-20T16:41:35","guid":{"rendered":"https:\/\/ahjobs.com.br\/?page_id=51"},"modified":"2026-03-01T07:02:53","modified_gmt":"2026-03-01T07:02:53","slug":"termeni-de-utilizare","status":"publish","type":"page","link":"https:\/\/nolbviral.com\/ro\/termos-de-uso\/","title":{"rendered":"Termeni de utilizare"},"content":{"rendered":"<p>La accesarea site-ului web <strong>NolbViral<\/strong>, Prin utilizarea acestui site, sunte\u021bi de acord s\u0103 respecta\u021bi ace\u0219ti termeni \u0219i condi\u021bii de utilizare, toate legile \u0219i reglement\u0103rile aplicabile \u0219i sunte\u021bi de acord c\u0103 sunte\u021bi responsabil pentru respectarea tuturor legilor locale aplicabile. Dac\u0103 nu sunte\u021bi de acord cu oricare dintre ace\u0219ti termeni, vi se interzice utilizarea sau accesarea acestui site. Materialele con\u021binute pe acest site web sunt protejate de legile aplicabile privind drepturile de autor \u0219i m\u0103rcile comerciale.<\/p>\n\n\n\n<p><strong>1. Utilizarea licen\u021bei<\/strong><\/p>\n\n\n\n<p>Se acord\u0103 permisiunea de a desc\u0103rca temporar o copie a materialelor (informa\u021biilor sau software-ului) de pe site. <strong>NolbViral<\/strong>, Acest text este destinat exclusiv vizualiz\u0103rii personale, necomerciale. Aceasta este acordarea unei licen\u021be, nu un transfer de titlu, iar \u00een baza acestei licen\u021be nu ave\u021bi dreptul s\u0103:<\/p>\n\n\n\n<ul class=\"wp-block-list\">\n<li>Modifica\u021bi sau copia\u021bi materialele;<\/li>\n\n\n\n<li>Utilizarea materialelor \u00een orice scop comercial sau pentru afi\u0219are public\u0103 (comercial\u0103 sau necomercial\u0103);<\/li>\n\n\n\n<li>\u00cencercarea de a decompila sau de a reface ingineria oric\u0103rui software con\u021binut pe site-ul web <strong>NolbViral<\/strong>;<\/li>\n\n\n\n<li>Elimina\u021bi orice men\u021biuni privind drepturile de autor sau alte men\u021biuni privind proprietatea din materiale; sau<\/li>\n\n\n\n<li>Transferarea materialelor c\u0103tre o alt\u0103 persoan\u0103 sau \u201coglindirea\u201d materialelor pe orice alt server.<\/li>\n<\/ul>\n\n\n\n<p>Aceast\u0103 licen\u021b\u0103 va \u00eenceta automat dac\u0103 \u00eenc\u0103lca\u021bi oricare dintre aceste restric\u021bii \u0219i poate fi reziliat\u0103 de c\u0103tre <strong>NolbViral<\/strong> oric\u00e2nd. La \u00eencetarea vizualiz\u0103rii acestor materiale sau la \u00eencetarea prezentei licen\u021be, trebuie s\u0103 \u0219terge\u021bi toate materialele desc\u0103rcate pe care le de\u021bine\u021bi, fie \u00een format electronic, fie tip\u0103rit.<\/p>\n\n\n\n<p><strong>2. Exonerare de r\u0103spundere<\/strong><\/p>\n\n\n\n<p>Materialele de pe site <strong>NolbViral<\/strong> Acestea sunt furnizate \u201cca atare\u201d. <strong>NolbViral<\/strong> Nu ofer\u0103 nicio garan\u021bie, expres\u0103 sau implicit\u0103, \u0219i declin\u0103 toate celelalte garan\u021bii, inclusiv, f\u0103r\u0103 limitare, garan\u021biile implicite de vandabilitate, adecvare pentru un anumit scop sau ne\u00eenc\u0103lcare a propriet\u0103\u021bii intelectuale.<\/p>\n\n\n\n<p>\u00cen plus, <strong>NolbViral<\/strong> nu garanteaz\u0103 \u0219i nu face nicio declara\u021bie cu privire la exactitatea, rezultatele probabile sau fiabilitatea utiliz\u0103rii materialelor de pe site-ul s\u0103u web sau \u00een leg\u0103tur\u0103 cu astfel de materiale sau de pe orice site-uri legate de acest site.<\/p>\n\n\n\n<p><strong>3. Limit\u0103ri<\/strong><\/p>\n\n\n\n<p>\u00cen niciun caz, <strong>NolbViral<\/strong> Dumneavoastr\u0103 sau furnizorii dumneavoastr\u0103 nu ve\u021bi fi r\u0103spunz\u0103tori pentru nicio daun\u0103 (inclusiv, f\u0103r\u0103 limitare, daune pentru pierderea de date sau profit sau din cauza \u00eentreruperii activit\u0103\u021bii) care decurg din utilizarea sau incapacitatea de a utiliza materialele din <strong>NolbViral<\/strong>, chiar dac\u0103 <strong>NolbViral<\/strong> sau un reprezentant autorizat a fost notificat cu privire la posibilitatea unor astfel de daune. Deoarece unele jurisdic\u021bii nu permit limit\u0103ri ale garan\u021biilor implicite sau limit\u0103ri ale r\u0103spunderii pentru daune indirecte, este posibil ca aceste limit\u0103ri s\u0103 nu vi se aplice.<\/p>\n\n\n\n<p><strong>4. Precizia materialului<\/strong><\/p>\n\n\n\n<p>Materialele afi\u0219ate pe site <strong>NolbViral<\/strong> Acestea pot include erori tehnice, tipografice sau fotografice. <strong>NolbViral<\/strong> Nu garanteaz\u0103 c\u0103 vreun material de pe site-ul s\u0103u web este corect, complet sau actualizat. <strong>NolbViral<\/strong> Putem face modific\u0103ri la materialele con\u021binute pe site-ul nostru web \u00een orice moment, f\u0103r\u0103 notificare prealabil\u0103, dar nu ne asum\u0103m niciun angajament de a actualiza materialele.<\/p>\n\n\n\n<p><strong>5. Linkuri<\/strong><\/p>\n\n\n\n<p>O <strong>NolbViral<\/strong> Nu am analizat toate site-urile la care se face trimitere c\u0103tre site-ul nostru web \u0219i nu suntem responsabili pentru con\u021binutul niciunui astfel de site. Includerea oric\u0103rui link nu implic\u0103 aprobarea site-ului. Utilizarea oric\u0103rui astfel de site web se face pe riscul propriu al utilizatorului.<\/p>\n\n\n\n<p><strong>6. Modific\u0103ri<\/strong><\/p>\n\n\n\n<p>O <strong>NolbViral<\/strong> Putem revizui ace\u0219ti termeni \u0219i condi\u021bii de utilizare \u00een orice moment, f\u0103r\u0103 notificare prealabil\u0103. Prin utilizarea acestui site web, sunte\u021bi de acord s\u0103 respecta\u021bi versiunea actual\u0103 a acestor termeni \u0219i condi\u021bii de utilizare.<\/p>\n\n\n\n<p><strong>7. Legea aplicabil\u0103<\/strong><\/p>\n\n\n\n<p>Ace\u0219ti termeni \u0219i condi\u021bii sunt guverna\u021bi \u0219i interpreta\u021bi \u00een conformitate cu legile aplicabile... <strong>NolbViral<\/strong>, ...\u0219i v\u0103 supune\u021bi \u00een mod irevocabil jurisdic\u021biei exclusive a instan\u021belor din statul sau localitatea respectiv\u0103.<\/p>","protected":false},"excerpt":{"rendered":"<p>Ao acessar o site NolbViral, voc\u00ea concorda em cumprir estes termos de servi\u00e7o, todas as leis e regulamentos aplic\u00e1veis e concorda que \u00e9 respons\u00e1vel pelo cumprimento de todas as leis locais aplic\u00e1veis. Se voc\u00ea n\u00e3o concordar com algum desses termos, est\u00e1 proibido de usar ou acessar este site. Os materiais contidos neste site s\u00e3o protegidos [&hellip;]<\/p>\n","protected":false},"author":1,"featured_media":0,"parent":0,"menu_order":0,"comment_status":"closed","ping_status":"closed","template":"","meta":{"footnotes":""},"class_list":["post-391","page","type-page","status-publish"],"_links":{"self":[{"href":"https:\/\/nolbviral.com\/ro\/wp-json\/wp\/v2\/pages\/391","targetHints":{"allow":["GET"]}}],"collection":[{"href":"https:\/\/nolbviral.com\/ro\/wp-json\/wp\/v2\/pages"}],"about":[{"href":"https:\/\/nolbviral.com\/ro\/wp-json\/wp\/v2\/types\/page"}],"author":[{"embeddable":true,"href":"https:\/\/nolbviral.com\/ro\/wp-json\/wp\/v2\/users\/1"}],"replies":[{"embeddable":true,"href":"https:\/\/nolbviral.com\/ro\/wp-json\/wp\/v2\/comments?post=391"}],"version-history":[{"count":1,"href":"https:\/\/nolbviral.com\/ro\/wp-json\/wp\/v2\/pages\/391\/revisions"}],"predecessor-version":[{"id":647,"href":"https:\/\/nolbviral.com\/ro\/wp-json\/wp\/v2\/pages\/391\/revisions\/647"}],"wp:attachment":[{"href":"https:\/\/nolbviral.com\/ro\/wp-json\/wp\/v2\/media?parent=391"}],"curies":[{"name":"wp","href":"https:\/\/api.w.org\/{rel}","templated":true}]}}