{"id":392,"date":"2026-02-20T16:42:09","date_gmt":"2026-02-20T16:42:09","guid":{"rendered":"https:\/\/ahjobs.com.br\/?page_id=53"},"modified":"2026-03-01T07:03:56","modified_gmt":"2026-03-01T07:03:56","slug":"politica-de-confidentialitate","status":"publish","type":"page","link":"https:\/\/nolbviral.com\/ro\/politica-de-privacidade\/","title":{"rendered":"Politica de confiden\u021bialitate"},"content":{"rendered":"<p>Confiden\u021bialitatea dumneavoastr\u0103 este important\u0103 pentru noi. Aceasta este politica noastr\u0103. <strong>NolbViral<\/strong> Vom respecta confiden\u021bialitatea dumneavoastr\u0103 \u00een ceea ce prive\u0219te orice informa\u021bii pe care le-am putea colecta de la dumneavoastr\u0103 pe site. <strong>NolbViral<\/strong>, \u0219i alte site-uri web pe care le de\u021binem \u0219i le oper\u0103m.<\/p>\n\n\n\n<p>Solicit\u0103m informa\u021bii personale doar atunci c\u00e2nd avem cu adev\u0103rat nevoie de ele pentru a v\u0103 oferi un serviciu. Facem acest lucru \u00een mod corect \u0219i legal, cu cuno\u0219tin\u021ba \u0219i consim\u021b\u0103m\u00e2ntul dumneavoastr\u0103. De asemenea, v\u0103 inform\u0103m de ce le colect\u0103m \u0219i cum vor fi utilizate.<\/p>\n\n\n\n<p>P\u0103str\u0103m informa\u021biile colectate doar at\u00e2t timp c\u00e2t este necesar pentru a furniza serviciul solicitat. Atunci c\u00e2nd stoc\u0103m date, le protej\u0103m prin mijloace acceptabile din punct de vedere comercial pentru a preveni pierderea, furtul, accesul neautorizat, divulgarea, copierea, utilizarea sau modificarea.<\/p>\n\n\n\n<p>Nu \u00eemp\u0103rt\u0103\u0219im informa\u021bii personale de identificare public sau cu ter\u021be p\u0103r\u021bi, cu excep\u021bia cazurilor \u00een care legea o impune.<\/p>\n\n\n\n<p>Site-ul nostru web poate con\u021bine link-uri c\u0103tre site-uri externe care nu sunt operate de noi. V\u0103 rug\u0103m s\u0103 re\u021bine\u021bi c\u0103 nu avem control asupra con\u021binutului \u0219i practicilor acestor site-uri \u0219i nu ne putem asuma responsabilitatea pentru politicile lor de confiden\u021bialitate respective.<\/p>\n\n\n\n<p>Sunte\u021bi liber s\u0103 refuza\u021bi solicitarea noastr\u0103 de informa\u021bii personale, \u00een\u021beleg\u00e2nd c\u0103 este posibil s\u0103 nu v\u0103 putem oferi unele dintre serviciile dorite.<\/p>\n\n\n\n<p>Utilizarea \u00een continuare a site-ului nostru web va fi considerat\u0103 o acceptare a practicilor noastre privind confiden\u021bialitatea \u0219i informa\u021biile personale. Dac\u0103 ave\u021bi \u00eentreb\u0103ri despre modul \u00een care gestion\u0103m datele utilizatorilor \u0219i informa\u021biile personale, v\u0103 rug\u0103m s\u0103 ne contacta\u021bi.<\/p>\n\n\n\n<hr class=\"wp-block-separator has-alpha-channel-opacity\"\/>\n\n\n\n<h2 class=\"wp-block-heading\">Politica privind cookie-urile \u2013 NolbViral<\/h2>\n\n\n\n<h3 class=\"wp-block-heading\">Ce sunt cookie-urile?<\/h3>\n\n\n\n<p>A\u0219a cum este practica obi\u0219nuit\u0103 la aproape toate site-urile web moderne, acest site folose\u0219te cookie-uri, care sunt fi\u0219iere mici desc\u0103rcate pe computer, pentru a v\u0103 \u00eembun\u0103t\u0103\u021bi experien\u021ba. Aceast\u0103 pagin\u0103 descrie ce informa\u021bii colecteaz\u0103, cum le folosim \u0219i de ce uneori trebuie s\u0103 stoc\u0103m aceste cookie-uri. De asemenea, v\u0103 \u00eemp\u0103rt\u0103\u0219im cum pute\u021bi \u00eempiedica stocarea acestor cookie-uri, de\u0219i acest lucru poate afecta func\u021bionalitatea site-ului.<\/p>\n\n\n\n<h3 class=\"wp-block-heading\">Cum folosim cookie-urile?<\/h3>\n\n\n\n<p>Folosim cookie-uri din mai multe motive detaliate mai jos. \u00cen majoritatea cazurilor, nu exist\u0103 op\u021biuni standard pentru a dezactiva cookie-urile f\u0103r\u0103 a dezactiva complet func\u021bionalitatea pe care o adaug\u0103. V\u0103 recomand\u0103m s\u0103 l\u0103sa\u021bi toate cookie-urile activate dac\u0103 nu sunte\u021bi sigur dac\u0103 ave\u021bi nevoie de ele pentru un anumit serviciu pe care \u00eel utiliza\u021bi.<\/p>\n\n\n\n<h3 class=\"wp-block-heading\">Dezactiva\u021bi cookie-urile<\/h3>\n\n\n\n<p>Pute\u021bi \u00eempiedica setarea cookie-urilor prin ajustarea set\u0103rilor browserului dvs. (consulta\u021bi sec\u021biunea de ajutor a browserului dvs.). Re\u021bine\u021bi c\u0103 dezactivarea cookie-urilor va afecta func\u021bionalitatea acestui site web \u0219i a multor altora.<\/p>\n\n\n\n<h3 class=\"wp-block-heading\">Tipuri de cookie-uri<\/h3>\n\n\n\n<ul class=\"wp-block-list\">\n<li><strong>Cookie-uri legate de cont:<\/strong> Folosit pentru gestionarea \u00eenregistr\u0103rii \u0219i preferin\u021belor utilizatorilor.<\/li>\n\n\n\n<li><strong>Cookie-uri de conectare:<\/strong> Pentru a memora sesiunea dvs. \u0219i a permite accesul la resurse restric\u021bionate.<\/li>\n\n\n\n<li><strong>Cookie-uri pentru newsletter-ul prin e-mail:<\/strong> Pentru a v\u0103 aminti abonamentul \u0219i a afi\u0219a notific\u0103ri corespunz\u0103toare.<\/li>\n\n\n\n<li><strong>Comand\u0103 fursecuri:<\/strong> Esen\u021bial pentru site-urile web cu comer\u021b electronic sau procesare a pl\u0103\u021bilor.<\/li>\n\n\n\n<li><strong>Cookie-uri pentru sondaje \u0219i formulare:<\/strong> Pentru a re\u021bine r\u0103spunsurile \u0219i a optimiza rezultatele.<\/li>\n\n\n\n<li><strong>Cookie-uri pentru preferin\u021bele site-ului web:<\/strong> Pentru a salva preferin\u021bele \u0219i a \u00eembun\u0103t\u0103\u021bi experien\u021ba dumneavoastr\u0103 de navigare.<\/li>\n<\/ul>\n\n\n\n<h3 class=\"wp-block-heading\">Cookie-uri ter\u021be<\/h3>\n\n\n\n<p>Este posibil s\u0103 folosim cookie-uri de la ter\u021be p\u0103r\u021bi de \u00eencredere, cum ar fi <strong>Google Analytics<\/strong>, Aceste cookie-uri ne ajut\u0103 s\u0103 \u00een\u021belegem cum utiliza\u021bi site-ul \u0219i s\u0103 v\u0103 \u00eembun\u0103t\u0103\u021bim experien\u021ba. Acestea pot urm\u0103ri paginile vizitate, timpul petrecut pe site \u0219i alte valori. De asemenea, putem utiliza servicii de publicitate, cum ar fi Google AdSense, pentru a difuza reclame relevante.<\/p>\n\n\n\n<hr class=\"wp-block-separator has-alpha-channel-opacity\"\/>\n\n\n\n<h2 class=\"wp-block-heading\">Angajamentul utilizatorului<\/h2>\n\n\n\n<p>Utilizatorul este de acord s\u0103 utilizeze \u00een mod corespunz\u0103tor con\u021binutul \u0219i informa\u021biile de pe <strong>NolbViral<\/strong>, ...neimplic\u00e2ndu-se \u00een activit\u0103\u021bi ilegale, def\u0103im\u0103toare sau d\u0103un\u0103toare, inclusiv:<\/p>\n\n\n\n<p>A) R\u0103sp\u00e2ndirea de con\u021binut rasist, xenofob, pornografic ilegal sau care \u00eencalc\u0103 drepturile omului;<br>B) Pentru a provoca daune sistemelor fizice sau logice ale site-ului sau ale unor ter\u021be p\u0103r\u021bi, inclusiv r\u0103sp\u00e2ndirea de viru\u0219i;<br>C) Utilizarea site-ului web \u00eentr-un mod care compromite func\u021bionalitatea sau securitatea acestuia.<\/p>\n\n\n\n<hr class=\"wp-block-separator has-alpha-channel-opacity\"\/>\n\n\n\n<p>Mai multe informa\u021bii: V\u0103 recomand\u0103m s\u0103 p\u0103stra\u021bi cookie-urile activate pentru a asigura func\u021bionarea corect\u0103 a func\u021biilor site-ului web.<\/p>\n\n\n\n<p><strong>Aceast\u0103 politic\u0103 este \u00een vigoare \u00eencep\u00e2nd cu martie 2021.<\/strong><\/p>","protected":false},"excerpt":{"rendered":"<p>A sua privacidade \u00e9 importante para n\u00f3s. \u00c9 pol\u00edtica do NolbViral respeitar a sua privacidade em rela\u00e7\u00e3o a qualquer informa\u00e7\u00e3o sua que possamos coletar no site NolbViral, e outros sites que possu\u00edmos e operamos. Solicitamos informa\u00e7\u00f5es pessoais apenas quando realmente precisamos delas para lhe fornecer um servi\u00e7o. Fazemos isso por meios justos e legais, com [&hellip;]<\/p>\n","protected":false},"author":1,"featured_media":0,"parent":0,"menu_order":0,"comment_status":"closed","ping_status":"closed","template":"","meta":{"footnotes":""},"class_list":["post-392","page","type-page","status-publish"],"_links":{"self":[{"href":"https:\/\/nolbviral.com\/ro\/wp-json\/wp\/v2\/pages\/392","targetHints":{"allow":["GET"]}}],"collection":[{"href":"https:\/\/nolbviral.com\/ro\/wp-json\/wp\/v2\/pages"}],"about":[{"href":"https:\/\/nolbviral.com\/ro\/wp-json\/wp\/v2\/types\/page"}],"author":[{"embeddable":true,"href":"https:\/\/nolbviral.com\/ro\/wp-json\/wp\/v2\/users\/1"}],"replies":[{"embeddable":true,"href":"https:\/\/nolbviral.com\/ro\/wp-json\/wp\/v2\/comments?post=392"}],"version-history":[{"count":1,"href":"https:\/\/nolbviral.com\/ro\/wp-json\/wp\/v2\/pages\/392\/revisions"}],"predecessor-version":[{"id":648,"href":"https:\/\/nolbviral.com\/ro\/wp-json\/wp\/v2\/pages\/392\/revisions\/648"}],"wp:attachment":[{"href":"https:\/\/nolbviral.com\/ro\/wp-json\/wp\/v2\/media?parent=392"}],"curies":[{"name":"wp","href":"https:\/\/api.w.org\/{rel}","templated":true}]}}