{"id":391,"date":"2026-02-20T16:41:35","date_gmt":"2026-02-20T16:41:35","guid":{"rendered":"https:\/\/ahjobs.com.br\/?page_id=51"},"modified":"2026-03-01T07:02:53","modified_gmt":"2026-03-01T07:02:53","slug":"kullanim-sartlari","status":"publish","type":"page","link":"https:\/\/nolbviral.com\/tr\/termos-de-uso\/","title":{"rendered":"Kullan\u0131m \u015eartlar\u0131"},"content":{"rendered":"<p>Web sitesine eri\u015firken <strong>NolbViral<\/strong>, Bu siteyi kullanarak, bu hizmet \u015fartlar\u0131na, ge\u00e7erli t\u00fcm yasalara ve d\u00fczenlemelere ba\u011fl\u0131 kalmay\u0131 kabul edersiniz ve ge\u00e7erli t\u00fcm yerel yasalara uyumdan sorumlu oldu\u011funuzu kabul edersiniz. Bu \u015fartlar\u0131n herhangi birini kabul etmiyorsan\u0131z, bu siteyi kullanman\u0131z veya eri\u015fmeniz yasakt\u0131r. Bu web sitesinde yer alan materyaller, ge\u00e7erli telif hakk\u0131 ve marka yasalar\u0131yla korunmaktad\u0131r.<\/p>\n\n\n\n<p><strong>1. Lisans Kullan\u0131m\u0131<\/strong><\/p>\n\n\n\n<p>Web sitesindeki materyallerin (bilgi veya yaz\u0131l\u0131m) bir kopyas\u0131n\u0131 ge\u00e7ici olarak indirme izni verilmi\u015ftir. <strong>NolbViral<\/strong>, Bu yaln\u0131zca ki\u015fisel, ticari olmayan g\u00f6r\u00fcnt\u00fcleme i\u00e7indir. Bu bir lisans verilmesidir, m\u00fclkiyet devri de\u011fildir ve bu lisans kapsam\u0131nda \u015funlar\u0131 yapamazs\u0131n\u0131z:<\/p>\n\n\n\n<ul class=\"wp-block-list\">\n<li>Materyalleri de\u011fi\u015ftirme veya kopyalama;<\/li>\n\n\n\n<li>Malzemelerin herhangi bir ticari ama\u00e7la veya halka a\u00e7\u0131k (ticari veya ticari olmayan) sergileme amac\u0131yla kullan\u0131lmas\u0131;<\/li>\n\n\n\n<li>Web sitesinde yer alan herhangi bir yaz\u0131l\u0131m\u0131n derlemesini \u00e7\u00f6zmeye veya tersine m\u00fchendislik yapmaya \u00e7al\u0131\u015fmak yasakt\u0131r. <strong>NolbViral<\/strong>;<\/li>\n\n\n\n<li>Malzemelerden telif hakk\u0131 veya di\u011fer m\u00fclkiyet notlar\u0131n\u0131 kald\u0131r\u0131n; veya<\/li>\n\n\n\n<li>Materyalleri ba\u015fka bir ki\u015fiye aktarmak veya materyalleri ba\u015fka bir sunucuda &quot;kopyalamak&quot;.<\/li>\n<\/ul>\n\n\n\n<p>Bu lisans, bu k\u0131s\u0131tlamalardan herhangi birini ihlal etmeniz durumunda otomatik olarak sona erecektir ve a\u015fa\u011f\u0131dakiler taraf\u0131ndan da feshedilebilir: <strong>NolbViral<\/strong> Diledi\u011finiz zaman. Bu materyalleri g\u00f6r\u00fcnt\u00fclemeyi sonland\u0131rd\u0131\u011f\u0131n\u0131zda veya bu lisans\u0131n sona ermesiyle birlikte, elektronik veya bas\u0131l\u0131 formatta olsun, elinizde bulunan t\u00fcm indirilmi\u015f materyalleri silmeniz gerekmektedir.<\/p>\n\n\n\n<p><strong>2. Sorumluluktan Muafiyet Beyan\u0131<\/strong><\/p>\n\n\n\n<p>Web sitesindeki materyaller <strong>NolbViral<\/strong> Bunlar &quot;oldu\u011fu gibi&quot; sa\u011flanmaktad\u0131r. <strong>NolbViral<\/strong> Bu, a\u00e7\u0131k veya \u00f6rt\u00fcl\u00fc hi\u00e7bir garanti vermez ve sat\u0131labilirlik, belirli bir amaca uygunluk veya fikri m\u00fclkiyet haklar\u0131n\u0131n ihlal edilmemesi gibi \u00f6rt\u00fcl\u00fc garantiler de dahil olmak \u00fczere, di\u011fer t\u00fcm garantileri reddeder.<\/p>\n\n\n\n<p>Ayr\u0131ca, <strong>NolbViral<\/strong> Bu site, web sitesindeki materyallerin veya bu materyallerle ilgili di\u011fer sitelerdeki materyallerin kullan\u0131m\u0131n\u0131n do\u011frulu\u011fu, olas\u0131 sonu\u00e7lar\u0131 veya g\u00fcvenilirli\u011fi konusunda herhangi bir garanti vermez veya beyanda bulunmaz.<\/p>\n\n\n\n<p><strong>3. S\u0131n\u0131rlamalar<\/strong><\/p>\n\n\n\n<p>Hi\u00e7bir durumda <strong>NolbViral<\/strong> Siz veya tedarik\u00e7ileriniz, materyallerin kullan\u0131m\u0131ndan veya kullan\u0131lamamas\u0131ndan kaynaklanan herhangi bir zarardan (veri veya kar kayb\u0131 veya i\u015f kesintisi nedeniyle olu\u015fan zararlar dahil ancak bunlarla s\u0131n\u0131rl\u0131 olmamak \u00fczere) sorumlu tutulmayacaks\u0131n\u0131z. <strong>NolbViral<\/strong>, hatta <strong>NolbViral<\/strong> veya yetkili bir temsilciye bu t\u00fcr zararlar\u0131n olas\u0131l\u0131\u011f\u0131 bildirilmi\u015ftir. Baz\u0131 yarg\u0131 b\u00f6lgeleri, z\u0131mni garantilerde s\u0131n\u0131rlamalara veya dolayl\u0131 zararlar i\u00e7in sorumluluk s\u0131n\u0131rlamalar\u0131na izin vermedi\u011finden, bu s\u0131n\u0131rlamalar sizin i\u00e7in ge\u00e7erli olmayabilir.<\/p>\n\n\n\n<p><strong>4. Malzeme Hassasiyeti<\/strong><\/p>\n\n\n\n<p>Web sitesinde sergilenen materyaller <strong>NolbViral<\/strong> Bunlar teknik, tipografik veya foto\u011frafik hatalar\u0131 i\u00e7erebilir. <strong>NolbViral<\/strong> Web sitesinde yer alan hi\u00e7bir materyalin do\u011fru, eksiksiz veya g\u00fcncel oldu\u011funu garanti etmez. <strong>NolbViral<\/strong> Web sitemizde yer alan materyallerde herhangi bir zamanda \u00f6nceden haber vermeksizin de\u011fi\u015fiklik yapabiliriz, ancak materyalleri g\u00fcncelleme konusunda herhangi bir taahh\u00fctte bulunmuyoruz.<\/p>\n\n\n\n<p><strong>5. Ba\u011flant\u0131lar<\/strong><\/p>\n\n\n\n<p>O <strong>NolbViral<\/strong> Web sitemize ba\u011flant\u0131 verilen t\u00fcm siteleri incelemedik ve bu ba\u011flant\u0131l\u0131 sitelerin i\u00e7eri\u011finden sorumlu de\u011filiz. Herhangi bir ba\u011flant\u0131n\u0131n eklenmesi, sitenin onayland\u0131\u011f\u0131 anlam\u0131na gelmez. Bu t\u00fcr ba\u011flant\u0131l\u0131 web sitelerinin kullan\u0131m\u0131 tamamen kullan\u0131c\u0131n\u0131n kendi sorumlulu\u011fundad\u0131r.<\/p>\n\n\n\n<p><strong>6. De\u011fi\u015fiklikler<\/strong><\/p>\n\n\n\n<p>O <strong>NolbViral<\/strong> Bu hizmet \u015fartlar\u0131n\u0131 herhangi bir zamanda \u00f6nceden bildirimde bulunmaks\u0131z\u0131n revize edebiliriz. Bu web sitesini kullanarak, bu hizmet \u015fartlar\u0131n\u0131n g\u00fcncel s\u00fcr\u00fcm\u00fcne ba\u011fl\u0131 kalmay\u0131 kabul edersiniz.<\/p>\n\n\n\n<p><strong>7. Uygulanacak Hukuk<\/strong><\/p>\n\n\n\n<p>Bu h\u00fck\u00fcm ve ko\u015fullar, ilgili yasalara g\u00f6re y\u00f6netilir ve yorumlan\u0131r... <strong>NolbViral<\/strong>, ...ve bu eyalet veya b\u00f6lgedeki mahkemelerin m\u00fcnhas\u0131r yarg\u0131 yetkisine geri d\u00f6n\u00fclmez bir \u015fekilde tabi olmay\u0131 kabul edersiniz.<\/p>","protected":false},"excerpt":{"rendered":"<p>Ao acessar o site NolbViral, voc\u00ea concorda em cumprir estes termos de servi\u00e7o, todas as leis e regulamentos aplic\u00e1veis e concorda que \u00e9 respons\u00e1vel pelo cumprimento de todas as leis locais aplic\u00e1veis. Se voc\u00ea n\u00e3o concordar com algum desses termos, est\u00e1 proibido de usar ou acessar este site. Os materiais contidos neste site s\u00e3o protegidos [&hellip;]<\/p>\n","protected":false},"author":1,"featured_media":0,"parent":0,"menu_order":0,"comment_status":"closed","ping_status":"closed","template":"","meta":{"footnotes":""},"class_list":["post-391","page","type-page","status-publish"],"_links":{"self":[{"href":"https:\/\/nolbviral.com\/tr\/wp-json\/wp\/v2\/pages\/391","targetHints":{"allow":["GET"]}}],"collection":[{"href":"https:\/\/nolbviral.com\/tr\/wp-json\/wp\/v2\/pages"}],"about":[{"href":"https:\/\/nolbviral.com\/tr\/wp-json\/wp\/v2\/types\/page"}],"author":[{"embeddable":true,"href":"https:\/\/nolbviral.com\/tr\/wp-json\/wp\/v2\/users\/1"}],"replies":[{"embeddable":true,"href":"https:\/\/nolbviral.com\/tr\/wp-json\/wp\/v2\/comments?post=391"}],"version-history":[{"count":1,"href":"https:\/\/nolbviral.com\/tr\/wp-json\/wp\/v2\/pages\/391\/revisions"}],"predecessor-version":[{"id":647,"href":"https:\/\/nolbviral.com\/tr\/wp-json\/wp\/v2\/pages\/391\/revisions\/647"}],"wp:attachment":[{"href":"https:\/\/nolbviral.com\/tr\/wp-json\/wp\/v2\/media?parent=391"}],"curies":[{"name":"wp","href":"https:\/\/api.w.org\/{rel}","templated":true}]}}