{"id":392,"date":"2026-02-20T16:42:09","date_gmt":"2026-02-20T16:42:09","guid":{"rendered":"https:\/\/ahjobs.com.br\/?page_id=53"},"modified":"2026-03-01T07:03:56","modified_gmt":"2026-03-01T07:03:56","slug":"gizlilik-politikasi","status":"publish","type":"page","link":"https:\/\/nolbviral.com\/tr\/politica-de-privacidade\/","title":{"rendered":"Gizlilik Politikas\u0131"},"content":{"rendered":"<p>Gizlili\u011finiz bizim i\u00e7in \u00f6nemlidir. Bu bizim politikam\u0131zd\u0131r. <strong>NolbViral<\/strong> Web sitesinde sizden toplayabilece\u011fimiz her t\u00fcrl\u00fc bilgiye ili\u015fkin gizlili\u011finize sayg\u0131 duyaca\u011f\u0131z. <strong>NolbViral<\/strong>, ve sahip oldu\u011fumuz ve i\u015fletti\u011fimiz di\u011fer web siteleri.<\/p>\n\n\n\n<p>Ki\u015fisel bilgilerinizi yaln\u0131zca size bir hizmet sunmak i\u00e7in ger\u00e7ekten ihtiya\u00e7 duydu\u011fumuzda talep ederiz. Bunu adil ve yasal bir \u015fekilde, sizin bilginiz ve onay\u0131n\u0131zla yapar\u0131z. Ayr\u0131ca, neden toplad\u0131\u011f\u0131m\u0131z\u0131 ve nas\u0131l kullan\u0131laca\u011f\u0131n\u0131 da size bildiririz.<\/p>\n\n\n\n<p>Toplad\u0131\u011f\u0131m\u0131z bilgileri yaln\u0131zca talep edilen hizmeti sa\u011flamak i\u00e7in gerekli oldu\u011fu s\u00fcre boyunca sakl\u0131yoruz. Verileri saklarken, kay\u0131p, h\u0131rs\u0131zl\u0131k, yetkisiz eri\u015fim, if\u015fa, kopyalama, kullan\u0131m veya de\u011fi\u015ftirme gibi durumlar\u0131 \u00f6nlemek i\u00e7in ticari olarak kabul edilebilir y\u00f6ntemlerle koruyoruz.<\/p>\n\n\n\n<p>Kanunen zorunlu haller d\u0131\u015f\u0131nda, ki\u015fisel olarak tan\u0131mlanabilir bilgileri kamuoyuyla veya \u00fc\u00e7\u00fcnc\u00fc taraflarla payla\u015fm\u0131yoruz.<\/p>\n\n\n\n<p>Web sitemiz, bizim taraf\u0131m\u0131zdan i\u015fletilmeyen harici sitelere ba\u011flant\u0131lar i\u00e7erebilir. Bu sitelerin i\u00e7eri\u011fi ve uygulamalar\u0131 \u00fczerinde hi\u00e7bir kontrol\u00fcm\u00fcz olmad\u0131\u011f\u0131n\u0131 ve ilgili gizlilik politikalar\u0131ndan sorumlu tutulamayaca\u011f\u0131m\u0131z\u0131 l\u00fctfen unutmay\u0131n.<\/p>\n\n\n\n<p>Ki\u015fisel bilgilerinizi payla\u015fma talebimizi reddetmekte \u00f6zg\u00fcrs\u00fcn\u00fcz; ancak bu durumda istedi\u011finiz baz\u0131 hizmetleri sa\u011flayamayabilece\u011fimizi l\u00fctfen unutmay\u0131n.<\/p>\n\n\n\n<p>Web sitemizi kullanmaya devam etmeniz, gizlilik ve ki\u015fisel bilgilerle ilgili uygulamalar\u0131m\u0131z\u0131 kabul etti\u011finiz anlam\u0131na gelecektir. Kullan\u0131c\u0131 verilerini ve ki\u015fisel bilgileri nas\u0131l i\u015fledi\u011fimizle ilgili herhangi bir sorunuz varsa, l\u00fctfen bizimle ileti\u015fime ge\u00e7in.<\/p>\n\n\n\n<hr class=\"wp-block-separator has-alpha-channel-opacity\"\/>\n\n\n\n<h2 class=\"wp-block-heading\">\u00c7erez Politikas\u0131 \u2013 NolbViral<\/h2>\n\n\n\n<h3 class=\"wp-block-heading\">\u00c7erezler nedir?<\/h3>\n\n\n\n<p>Hemen hemen t\u00fcm modern web sitelerinde oldu\u011fu gibi, bu site de deneyiminizi iyile\u015ftirmek i\u00e7in bilgisayar\u0131n\u0131za indirilen k\u00fc\u00e7\u00fck dosyalar olan \u00e7erezleri kullanmaktad\u0131r. Bu sayfada, \u00e7erezlerin hangi bilgileri toplad\u0131\u011f\u0131, bunlar\u0131 nas\u0131l kulland\u0131\u011f\u0131m\u0131z ve neden bazen bu \u00e7erezleri saklamam\u0131z gerekti\u011fi a\u00e7\u0131klanmaktad\u0131r. Ayr\u0131ca, bu \u00e7erezlerin saklanmas\u0131n\u0131 nas\u0131l engelleyebilece\u011finizi de payla\u015f\u0131yoruz, ancak bu durum sitenin i\u015flevselli\u011fini etkileyebilir.<\/p>\n\n\n\n<h3 class=\"wp-block-heading\">\u00c7erezleri nas\u0131l kullan\u0131yoruz?<\/h3>\n\n\n\n<p>A\u015fa\u011f\u0131da ayr\u0131nt\u0131lar\u0131 verilen \u00e7e\u015fitli nedenlerle \u00e7erez kullan\u0131yoruz. \u00c7o\u011fu durumda, \u00e7erezlerin sa\u011flad\u0131\u011f\u0131 i\u015flevselli\u011fi tamamen devre d\u0131\u015f\u0131 b\u0131rakmadan \u00e7erezleri devre d\u0131\u015f\u0131 b\u0131rakman\u0131n standart bir yolu yoktur. Kulland\u0131\u011f\u0131n\u0131z belirli bir hizmet i\u00e7in \u00e7erezlere ihtiyac\u0131n\u0131z olup olmad\u0131\u011f\u0131ndan emin de\u011filseniz, t\u00fcm \u00e7erezleri etkin b\u0131rakman\u0131z\u0131 \u00f6neririz.<\/p>\n\n\n\n<h3 class=\"wp-block-heading\">\u00c7erezleri devre d\u0131\u015f\u0131 b\u0131rak<\/h3>\n\n\n\n<p>Taray\u0131c\u0131n\u0131z\u0131n ayarlar\u0131n\u0131 de\u011fi\u015ftirerek \u00e7erezlerin ayarlanmas\u0131n\u0131 engelleyebilirsiniz (taray\u0131c\u0131n\u0131z\u0131n Yard\u0131m b\u00f6l\u00fcm\u00fcne bak\u0131n). \u00c7erezleri devre d\u0131\u015f\u0131 b\u0131rakman\u0131n bu ve di\u011fer bir\u00e7ok web sitesinin i\u015flevselli\u011fini etkileyece\u011fini unutmay\u0131n.<\/p>\n\n\n\n<h3 class=\"wp-block-heading\">\u00c7erez \u00c7e\u015fitleri<\/h3>\n\n\n\n<ul class=\"wp-block-list\">\n<li><strong>Hesapla ilgili \u00e7erezler:<\/strong> Kullan\u0131c\u0131 kayd\u0131 ve tercihlerinin y\u00f6netimi i\u00e7in kullan\u0131l\u0131r.<\/li>\n\n\n\n<li><strong>Giri\u015f \u00e7erezleri:<\/strong> Oturumunuzu hat\u0131rlamak ve k\u0131s\u0131tl\u0131 kaynaklara eri\u015fime izin vermek i\u00e7in.<\/li>\n\n\n\n<li><strong>E-posta b\u00fclteni \u00e7erezleri:<\/strong> Aboneli\u011finizi hat\u0131rlamak ve uygun bildirimleri g\u00f6stermek i\u00e7in.<\/li>\n\n\n\n<li><strong>Kurabiye sipari\u015fi verin:<\/strong> E-ticaret veya \u00f6deme i\u015flemleri i\u00e7eren web siteleri i\u00e7in olmazsa olmazd\u0131r.<\/li>\n\n\n\n<li><strong>Anket ve form \u00e7erezleri:<\/strong> Cevaplar\u0131 hat\u0131rlamak ve sonu\u00e7lar\u0131 optimize etmek i\u00e7in.<\/li>\n\n\n\n<li><strong>Web sitesi tercih \u00e7erezleri:<\/strong> Tercihlerinizi kaydetmek ve tarama deneyiminizi iyile\u015ftirmek i\u00e7in.<\/li>\n<\/ul>\n\n\n\n<h3 class=\"wp-block-heading\">\u00dc\u00e7\u00fcnc\u00fc taraf \u00e7erezleri<\/h3>\n\n\n\n<p>G\u00fcvenilir \u00fc\u00e7\u00fcnc\u00fc taraflardan gelen \u00e7erezleri kullanabiliriz, \u00f6rne\u011fin... <strong>Google Analytics<\/strong>, Bu \u00e7erezler, siteyi nas\u0131l kulland\u0131\u011f\u0131n\u0131z\u0131 anlamam\u0131za ve deneyiminizi iyile\u015ftirmemize yard\u0131mc\u0131 olur. Ziyaret edilen sayfalar\u0131, sitede ge\u00e7irilen s\u00fcreyi ve di\u011fer \u00f6l\u00e7\u00fcmleri izleyebilirler. Ayr\u0131ca, ilgili reklamlar\u0131 sunmak i\u00e7in Google AdSense gibi reklam hizmetlerini de kullanabiliriz.<\/p>\n\n\n\n<hr class=\"wp-block-separator has-alpha-channel-opacity\"\/>\n\n\n\n<h2 class=\"wp-block-heading\">Kullan\u0131c\u0131 Taahh\u00fcd\u00fc<\/h2>\n\n\n\n<p>Kullan\u0131c\u0131, i\u00e7erik ve bilgileri uygun \u015fekilde kullanmay\u0131 kabul eder. <strong>NolbViral<\/strong>, ...yasa d\u0131\u015f\u0131, iftira niteli\u011finde veya zararl\u0131 faaliyetlerde bulunmamak, bunlar aras\u0131nda \u015funlar yer al\u0131r:<\/p>\n\n\n\n<p>A) Irk\u00e7\u0131, yabanc\u0131 d\u00fc\u015fman\u0131, yasad\u0131\u015f\u0131 pornografik i\u00e7erik veya insan haklar\u0131n\u0131 ihlal eden i\u00e7erik yaymak;<br>B) Vir\u00fcs yaymak da dahil olmak \u00fczere, sitenin veya \u00fc\u00e7\u00fcnc\u00fc taraflar\u0131n fiziksel veya mant\u0131ksal sistemlerine zarar vermek;<br>C) Web sitesini i\u015flevselli\u011fini veya g\u00fcvenli\u011fini tehlikeye atacak \u015fekilde kullanmak.<\/p>\n\n\n\n<hr class=\"wp-block-separator has-alpha-channel-opacity\"\/>\n\n\n\n<p>Daha fazla bilgi: Web sitesinin \u00f6zelliklerinin d\u00fczg\u00fcn \u00e7al\u0131\u015fmas\u0131 i\u00e7in \u00e7erezleri etkin tutman\u0131z\u0131 \u00f6neririz.<\/p>\n\n\n\n<p><strong>Bu politika Mart 2021&#039;den itibaren ge\u00e7erlidir.<\/strong><\/p>","protected":false},"excerpt":{"rendered":"<p>A sua privacidade \u00e9 importante para n\u00f3s. \u00c9 pol\u00edtica do NolbViral respeitar a sua privacidade em rela\u00e7\u00e3o a qualquer informa\u00e7\u00e3o sua que possamos coletar no site NolbViral, e outros sites que possu\u00edmos e operamos. Solicitamos informa\u00e7\u00f5es pessoais apenas quando realmente precisamos delas para lhe fornecer um servi\u00e7o. Fazemos isso por meios justos e legais, com [&hellip;]<\/p>\n","protected":false},"author":1,"featured_media":0,"parent":0,"menu_order":0,"comment_status":"closed","ping_status":"closed","template":"","meta":{"footnotes":""},"class_list":["post-392","page","type-page","status-publish"],"_links":{"self":[{"href":"https:\/\/nolbviral.com\/tr\/wp-json\/wp\/v2\/pages\/392","targetHints":{"allow":["GET"]}}],"collection":[{"href":"https:\/\/nolbviral.com\/tr\/wp-json\/wp\/v2\/pages"}],"about":[{"href":"https:\/\/nolbviral.com\/tr\/wp-json\/wp\/v2\/types\/page"}],"author":[{"embeddable":true,"href":"https:\/\/nolbviral.com\/tr\/wp-json\/wp\/v2\/users\/1"}],"replies":[{"embeddable":true,"href":"https:\/\/nolbviral.com\/tr\/wp-json\/wp\/v2\/comments?post=392"}],"version-history":[{"count":1,"href":"https:\/\/nolbviral.com\/tr\/wp-json\/wp\/v2\/pages\/392\/revisions"}],"predecessor-version":[{"id":648,"href":"https:\/\/nolbviral.com\/tr\/wp-json\/wp\/v2\/pages\/392\/revisions\/648"}],"wp:attachment":[{"href":"https:\/\/nolbviral.com\/tr\/wp-json\/wp\/v2\/media?parent=392"}],"curies":[{"name":"wp","href":"https:\/\/api.w.org\/{rel}","templated":true}]}}